{"id":1001,"date":"2024-11-11T19:44:17","date_gmt":"2024-11-11T18:44:17","guid":{"rendered":"http:\/\/laboiteaje.fr\/?page_id=1001"},"modified":"2024-11-11T19:47:21","modified_gmt":"2024-11-11T18:47:21","slug":"notre-vision","status":"publish","type":"page","link":"https:\/\/laboiteaje.fr\/index.php\/notre-vision\/","title":{"rendered":"Notre Vision"},"content":{"rendered":"\n<p>\u00c0 La Bo\u00eete \u00e0 Je, nous croyons en la richesse unique de chaque individu et en la capacit\u00e9 de chacun.e \u00e0 se d\u00e9ployer pleinement lorsque les bons outils et un espace d\u2019\u00e9coute bienveillant sont au rendez-vous. Notre vision est de cr\u00e9er un environnement o\u00f9 chaque personne peut d\u00e9couvrir, valoriser et faire grandir ses potentiels, que ce soit pour se r\u00e9orienter, approfondir sa connaissance de soi, ou s\u2019engager dans un projet qui r\u00e9sonne profond\u00e9ment.<\/p>\n\n\n\n<h4 class=\"wp-block-heading\">Un accompagnement multiple et engag\u00e9<\/h4>\n\n\n\n<p>La Bo\u00eete \u00e0 Je propose des <strong>bilans de comp\u00e9tences<\/strong> et <strong>d&rsquo;orientation<\/strong>, une <strong>\u00e9coute th\u00e9rapeutique<\/strong> attentive et respectueuse, ainsi que des <strong>ateliers<\/strong> interactifs et des <strong>formations<\/strong> sur des th\u00e8mes essentiels tels que la m\u00e9moire, les \u00e9motions et le d\u00e9veloppement personnel. Chaque activit\u00e9 s\u2019appuie sur une approche humaniste, o\u00f9 l\u2019\u00e9coute active et l\u2019ouverture sont les bases d\u2019une relation de confiance.<\/p>\n\n\n\n<h4 class=\"wp-block-heading\">Un espace pour grandir et se reconnecter<\/h4>\n\n\n\n<p>Chaque accompagnement est pour nous un voyage partag\u00e9, un espace o\u00f9 le respect, la confiance et l\u2019\u00e9coute sont au c\u0153ur de la relation. Que ce soit \u00e0 travers un bilan de comp\u00e9tences, une s\u00e9ance d\u2019\u00e9coute th\u00e9rapeutique, ou un atelier de formation, La Bo\u00eete \u00e0 Je se veut un lieu o\u00f9 l\u2019on avance au rythme de chaque personne, en lui offrant les ressources n\u00e9cessaires pour se reconnecter \u00e0 ses aspirations et faire \u00e9merger un projet qui lui ressemble.<\/p>\n\n\n\n<h4 class=\"wp-block-heading\">La qualit\u00e9 et la diversit\u00e9 comme engagements<\/h4>\n\n\n\n<p>La Bo\u00eete \u00e0 Je s\u2019engage dans un accompagnement de qualit\u00e9 en s\u2019appuyant sur des outils p\u00e9dagogiques actualis\u00e9s et des approches reconnues dans le d\u00e9veloppement personnel et professionnel. Nous investissons continuellement dans des ressources innovantes pour proposer des parcours enrichissants, que ce soit en s\u00e9ances individuelles, en ateliers ou en formations. Chacune de nos interventions est pens\u00e9e pour r\u00e9pondre aux besoins divers de nos b\u00e9n\u00e9ficiaires et pour favoriser l\u2019exploration de nouveaux possibles.<\/p>\n\n\n\n<h4 class=\"wp-block-heading\">Une mission d\u2019ouverture et de partage<\/h4>\n\n\n\n<p>Notre mission est aussi d\u2019\u00eatre accessible et ouvert.e \u00e0 toutes et tous, avec une volont\u00e9 d\u2019offrir des accompagnements ponctuels pro bono pour des personnes en situation difficile. Cet engagement refl\u00e8te notre d\u00e9sir de contribuer \u00e0 une soci\u00e9t\u00e9 plus inclusive, o\u00f9 chacun.e peut se sentir soutenu.e et encourag\u00e9.e \u00e0 avancer sur son propre chemin, qu\u2019il s\u2019agisse de se d\u00e9couvrir, de d\u00e9velopper des comp\u00e9tences, ou de renforcer sa r\u00e9silience personnelle.<\/p>\n\n\n\n<p><strong>Merci<\/strong> d\u2019\u00eatre ici et de contribuer, \u00e0 votre fa\u00e7on, \u00e0 cette vision qui nous est ch\u00e8re.<\/p>\n\n\n\n<figure class=\"wp-block-image size-large is-resized\"><img loading=\"lazy\" decoding=\"async\" width=\"1024\" height=\"726\" src=\"http:\/\/laboiteaje.fr\/wp-content\/uploads\/2021\/01\/2022-Parcours-2-edited-1024x726.jpg\" alt=\"\" class=\"wp-image-604\" srcset=\"https:\/\/laboiteaje.fr\/wp-content\/uploads\/2021\/01\/2022-Parcours-2-edited-1024x726.jpg 1024w, https:\/\/laboiteaje.fr\/wp-content\/uploads\/2021\/01\/2022-Parcours-2-edited-300x213.jpg 300w, https:\/\/laboiteaje.fr\/wp-content\/uploads\/2021\/01\/2022-Parcours-2-edited-768x545.jpg 768w, https:\/\/laboiteaje.fr\/wp-content\/uploads\/2021\/01\/2022-Parcours-2-edited.jpg 1165w\" sizes=\"auto, (max-width: 767px) 89vw, (max-width: 1000px) 54vw, (max-width: 1071px) 543px, 580px\" \/><\/figure>\n","protected":false},"excerpt":{"rendered":"<p>\u00c0 La Bo\u00eete \u00e0 Je, nous croyons en la richesse unique de chaque individu et en la capacit\u00e9 de chacun.e \u00e0 se d\u00e9ployer pleinement lorsque les bons outils et un espace d\u2019\u00e9coute bienveillant sont au rendez-vous. Notre vision est de cr\u00e9er un environnement o\u00f9 chaque personne peut d\u00e9couvrir, valoriser et faire grandir ses potentiels, que &hellip; <\/p>\n<p class=\"link-more\"><a href=\"https:\/\/laboiteaje.fr\/index.php\/notre-vision\/\" class=\"more-link\">Continuer la lecture<span class=\"screen-reader-text\"> de &laquo;&nbsp;Notre Vision&nbsp;&raquo;<\/span><\/a><\/p>\n","protected":false},"author":1,"featured_media":0,"parent":0,"menu_order":0,"comment_status":"closed","ping_status":"closed","template":"","meta":{"footnotes":""},"class_list":["post-1001","page","type-page","status-publish","hentry"],"_links":{"self":[{"href":"https:\/\/laboiteaje.fr\/index.php\/wp-json\/wp\/v2\/pages\/1001","targetHints":{"allow":["GET"]}}],"collection":[{"href":"https:\/\/laboiteaje.fr\/index.php\/wp-json\/wp\/v2\/pages"}],"about":[{"href":"https:\/\/laboiteaje.fr\/index.php\/wp-json\/wp\/v2\/types\/page"}],"author":[{"embeddable":true,"href":"https:\/\/laboiteaje.fr\/index.php\/wp-json\/wp\/v2\/users\/1"}],"replies":[{"embeddable":true,"href":"https:\/\/laboiteaje.fr\/index.php\/wp-json\/wp\/v2\/comments?post=1001"}],"version-history":[{"count":3,"href":"https:\/\/laboiteaje.fr\/index.php\/wp-json\/wp\/v2\/pages\/1001\/revisions"}],"predecessor-version":[{"id":1007,"href":"https:\/\/laboiteaje.fr\/index.php\/wp-json\/wp\/v2\/pages\/1001\/revisions\/1007"}],"wp:attachment":[{"href":"https:\/\/laboiteaje.fr\/index.php\/wp-json\/wp\/v2\/media?parent=1001"}],"curies":[{"name":"wp","href":"https:\/\/api.w.org\/{rel}","templated":true}]}}