{"id":1014,"date":"2024-11-12T16:53:25","date_gmt":"2024-11-12T15:53:25","guid":{"rendered":"http:\/\/laboiteaje.fr\/?page_id=1014"},"modified":"2026-03-11T17:43:18","modified_gmt":"2026-03-11T16:43:18","slug":"satisfaction","status":"publish","type":"page","link":"https:\/\/laboiteaje.fr\/index.php\/satisfaction\/","title":{"rendered":"Satisfaction"},"content":{"rendered":"\n<p>A propos des Bilans de Comp\u00e9tences r\u00e9alis\u00e9s par la Bo\u00eete \u00e0 Je \u00e0 l&rsquo;hiver 2026<\/p>\n\n\n\n<figure class=\"wp-block-image size-large\"><img loading=\"lazy\" decoding=\"async\" width=\"1024\" height=\"576\" src=\"https:\/\/laboiteaje.fr\/wp-content\/uploads\/2026\/03\/2024-Satisfaction-BAJ-1024x576.png\" alt=\"\" class=\"wp-image-1331\" srcset=\"https:\/\/laboiteaje.fr\/wp-content\/uploads\/2026\/03\/2024-Satisfaction-BAJ-1024x576.png 1024w, https:\/\/laboiteaje.fr\/wp-content\/uploads\/2026\/03\/2024-Satisfaction-BAJ-300x169.png 300w, https:\/\/laboiteaje.fr\/wp-content\/uploads\/2026\/03\/2024-Satisfaction-BAJ-768x432.png 768w, https:\/\/laboiteaje.fr\/wp-content\/uploads\/2026\/03\/2024-Satisfaction-BAJ-1536x864.png 1536w, https:\/\/laboiteaje.fr\/wp-content\/uploads\/2026\/03\/2024-Satisfaction-BAJ.png 1920w\" sizes=\"auto, (max-width: 767px) 89vw, (max-width: 1000px) 54vw, (max-width: 1071px) 543px, 580px\" \/><\/figure>\n\n\n\n<p><\/p>\n\n\n\n<p>A propos des formations r\u00e9alis\u00e9es par la Bo\u00eete \u00e0 Je \u00e0 l&rsquo;hiver 2026<\/p>\n\n\n\n<figure class=\"wp-block-image size-large\"><img loading=\"lazy\" decoding=\"async\" width=\"1024\" height=\"576\" src=\"https:\/\/laboiteaje.fr\/wp-content\/uploads\/2026\/03\/2024-Satisfaction-BAJ1-1024x576.png\" alt=\"\" class=\"wp-image-1333\" srcset=\"https:\/\/laboiteaje.fr\/wp-content\/uploads\/2026\/03\/2024-Satisfaction-BAJ1-1024x576.png 1024w, https:\/\/laboiteaje.fr\/wp-content\/uploads\/2026\/03\/2024-Satisfaction-BAJ1-300x169.png 300w, https:\/\/laboiteaje.fr\/wp-content\/uploads\/2026\/03\/2024-Satisfaction-BAJ1-768x432.png 768w, https:\/\/laboiteaje.fr\/wp-content\/uploads\/2026\/03\/2024-Satisfaction-BAJ1-1536x864.png 1536w, https:\/\/laboiteaje.fr\/wp-content\/uploads\/2026\/03\/2024-Satisfaction-BAJ1.png 1920w\" sizes=\"auto, (max-width: 767px) 89vw, (max-width: 1000px) 54vw, (max-width: 1071px) 543px, 580px\" \/><\/figure>\n\n\n\n<p><\/p>\n\n\n\n<p>La Bo\u00eete \u00e0 Je est un organisme de formation certifi\u00e9 Qualiopi &#8211; (<a href=\"http:\/\/laboiteaje.fr\/wp-content\/uploads\/2024\/12\/qualiopi.pdf\" target=\"_blank\" rel=\"noreferrer noopener\">voir le certificat<\/a>)<\/p>\n\n\n\n<p><\/p>\n\n\n\n<figure class=\"wp-block-image size-large\"><img loading=\"lazy\" decoding=\"async\" width=\"1024\" height=\"1024\" src=\"https:\/\/laboiteaje.fr\/wp-content\/uploads\/2025\/10\/Avis-Google-La-Boite-a-Je-1024x1024.png\" alt=\"\" class=\"wp-image-1281\" srcset=\"https:\/\/laboiteaje.fr\/wp-content\/uploads\/2025\/10\/Avis-Google-La-Boite-a-Je-1024x1024.png 1024w, https:\/\/laboiteaje.fr\/wp-content\/uploads\/2025\/10\/Avis-Google-La-Boite-a-Je-300x300.png 300w, https:\/\/laboiteaje.fr\/wp-content\/uploads\/2025\/10\/Avis-Google-La-Boite-a-Je-150x150.png 150w, https:\/\/laboiteaje.fr\/wp-content\/uploads\/2025\/10\/Avis-Google-La-Boite-a-Je-768x768.png 768w, https:\/\/laboiteaje.fr\/wp-content\/uploads\/2025\/10\/Avis-Google-La-Boite-a-Je-100x100.png 100w, https:\/\/laboiteaje.fr\/wp-content\/uploads\/2025\/10\/Avis-Google-La-Boite-a-Je.png 1080w\" sizes=\"auto, (max-width: 767px) 89vw, (max-width: 1000px) 54vw, (max-width: 1071px) 543px, 580px\" \/><\/figure>\n","protected":false},"excerpt":{"rendered":"<p>A propos des Bilans de Comp\u00e9tences r\u00e9alis\u00e9s par la Bo\u00eete \u00e0 Je \u00e0 l&rsquo;hiver 2026 A propos des formations r\u00e9alis\u00e9es par la Bo\u00eete \u00e0 Je \u00e0 l&rsquo;hiver 2026 La Bo\u00eete \u00e0 Je est un organisme de formation certifi\u00e9 Qualiopi &#8211; (voir le certificat)<\/p>\n","protected":false},"author":1,"featured_media":0,"parent":0,"menu_order":0,"comment_status":"closed","ping_status":"closed","template":"","meta":{"footnotes":""},"class_list":["post-1014","page","type-page","status-publish","hentry"],"_links":{"self":[{"href":"https:\/\/laboiteaje.fr\/index.php\/wp-json\/wp\/v2\/pages\/1014","targetHints":{"allow":["GET"]}}],"collection":[{"href":"https:\/\/laboiteaje.fr\/index.php\/wp-json\/wp\/v2\/pages"}],"about":[{"href":"https:\/\/laboiteaje.fr\/index.php\/wp-json\/wp\/v2\/types\/page"}],"author":[{"embeddable":true,"href":"https:\/\/laboiteaje.fr\/index.php\/wp-json\/wp\/v2\/users\/1"}],"replies":[{"embeddable":true,"href":"https:\/\/laboiteaje.fr\/index.php\/wp-json\/wp\/v2\/comments?post=1014"}],"version-history":[{"count":7,"href":"https:\/\/laboiteaje.fr\/index.php\/wp-json\/wp\/v2\/pages\/1014\/revisions"}],"predecessor-version":[{"id":1334,"href":"https:\/\/laboiteaje.fr\/index.php\/wp-json\/wp\/v2\/pages\/1014\/revisions\/1334"}],"wp:attachment":[{"href":"https:\/\/laboiteaje.fr\/index.php\/wp-json\/wp\/v2\/media?parent=1014"}],"curies":[{"name":"wp","href":"https:\/\/api.w.org\/{rel}","templated":true}]}}