{"id":1034,"date":"2024-11-13T19:02:38","date_gmt":"2024-11-13T18:02:38","guid":{"rendered":"http:\/\/laboiteaje.fr\/?page_id=1034"},"modified":"2025-06-17T15:58:44","modified_gmt":"2025-06-17T13:58:44","slug":"offres-2024","status":"publish","type":"page","link":"https:\/\/laboiteaje.fr\/index.php\/offres-2024\/","title":{"rendered":"Offres 2025"},"content":{"rendered":"\n<p>Bienvenue dans l&rsquo;espace d\u00e9di\u00e9 \u00e0 nos services pour cette ann\u00e9e 2025. <\/p>\n\n\n\n<p>La Bo\u00eete \u00e0 Je vous propose une gamme diversifi\u00e9e d&rsquo;accompagnements personnalis\u00e9s pour soutenir votre d\u00e9veloppement personnel, professionnel et scolaire. D\u00e9couvrez nos prestations :<\/p>\n\n\n\n<ul class=\"wp-block-list\">\n<li><a href=\"https:\/\/laboiteaje.fr\/index.php\/domaines-dexpertise\/\" data-type=\"link\" data-id=\"https:\/\/laboiteaje.fr\/index.php\/domaines-dexpertise\/\"><strong>Bilan de Comp\u00e9tences<\/strong> :<\/a> Analysez vos comp\u00e9tences et vos aspirations gr\u00e2ce \u00e0 notre bilan de comp\u00e9tences complet, en formats court et long, pour d\u00e9finir un projet professionnel align\u00e9 avec vos valeurs.<\/li>\n\n\n\n<li><a href=\"https:\/\/laboiteaje.fr\/index.php\/methode-potentialis\/\" data-type=\"link\" data-id=\"https:\/\/laboiteaje.fr\/index.php\/methode-potentialis\/\"><strong>Bilans de Potentiels<\/strong> :<\/a> Explorez vos talents et ressources int\u00e9rieures pour mieux comprendre et valoriser vos comp\u00e9tences naturelles.<\/li>\n\n\n\n<li><a href=\"https:\/\/laboiteaje.fr\/index.php\/bilan-dorientation\/\" data-type=\"link\" data-id=\"https:\/\/laboiteaje.fr\/index.php\/bilan-dorientation\/\"><strong>Accompagnement \u00e0 l&rsquo;Orientation Scolaire<\/strong> :<\/a> B\u00e9n\u00e9ficiez d&rsquo;un soutien personnalis\u00e9 pour d\u00e9finir votre parcours acad\u00e9mique en accord avec vos aspirations et vos aptitudes.<\/li>\n\n\n\n<li><strong><a href=\"https:\/\/laboiteaje.fr\/index.php\/ecoute-therapeutique\/\" data-type=\"link\" data-id=\"https:\/\/laboiteaje.fr\/index.php\/ecoute-therapeutique\/\">\u00c9coute Th\u00e9rapeutique<\/a><\/strong> : Profitez d&rsquo;un espace d&rsquo;\u00e9coute bienveillant pour aborder vos pr\u00e9occupations personnelles et \u00e9motionnelles.<\/li>\n\n\n\n<li><a href=\"https:\/\/laboiteaje.fr\/index.php\/animation\/\" data-type=\"link\" data-id=\"https:\/\/laboiteaje.fr\/index.php\/animation\/\"><strong>Ateliers Collectifs<\/strong> <\/a>: Participez \u00e0 nos ateliers th\u00e9matiques, tels que l&rsquo;Atelier Philo, pour enrichir votre r\u00e9flexion et partager des exp\u00e9riences collectives.<\/li>\n\n\n\n<li><a href=\"https:\/\/laboiteaje.fr\/index.php\/yoga-du-rire-2\/\" data-type=\"link\" data-id=\"https:\/\/laboiteaje.fr\/index.php\/yoga-du-rire-2\/\"><strong>Yoga du Rire<\/strong> <\/a>: D\u00e9couvrez les bienfaits du rire sur votre bien-\u00eatre \u00e0 travers nos s\u00e9ances de Yoga du Rire.<\/li>\n\n\n\n<li><strong><a href=\"https:\/\/laboiteaje.fr\/index.php\/yoga-du-rire-reiki\/\" data-type=\"link\" data-id=\"https:\/\/laboiteaje.fr\/index.php\/yoga-du-rire-reiki\/\">S\u00e9ances \u00c9nerg\u00e9tiques<\/a><\/strong> : Harmonisez votre \u00e9nergie vitale gr\u00e2ce \u00e0 nos soins \u00e9nerg\u00e9tiques adapt\u00e9s \u00e0 vos besoins.<\/li>\n\n\n\n<li><a href=\"https:\/\/laboiteaje.fr\/index.php\/confinement\/\" data-type=\"link\" data-id=\"https:\/\/laboiteaje.fr\/index.php\/confinement\/\"><strong>Formations<\/strong> :<\/a> Acc\u00e9dez \u00e0 nos programmes de formation, incluant des modules sur le d\u00e9veloppement du cerveau, la m\u00e9moire et les potentiels, et la communication bienveillante.<\/li>\n<\/ul>\n\n\n\n<p>Pour chaque service, nous vous invitons \u00e0 consulter les pages d\u00e9di\u00e9es pour obtenir des informations d\u00e9taill\u00e9es et d\u00e9couvrir comment La Bo\u00eete \u00e0 Je peut vous accompagner dans votre parcours.<\/p>\n","protected":false},"excerpt":{"rendered":"<p>Bienvenue dans l&rsquo;espace d\u00e9di\u00e9 \u00e0 nos services pour cette ann\u00e9e 2025. La Bo\u00eete \u00e0 Je vous propose une gamme diversifi\u00e9e d&rsquo;accompagnements personnalis\u00e9s pour soutenir votre d\u00e9veloppement personnel, professionnel et scolaire. D\u00e9couvrez nos prestations : Pour chaque service, nous vous invitons \u00e0 consulter les pages d\u00e9di\u00e9es pour obtenir des informations d\u00e9taill\u00e9es et d\u00e9couvrir comment La Bo\u00eete &hellip; <\/p>\n<p class=\"link-more\"><a href=\"https:\/\/laboiteaje.fr\/index.php\/offres-2024\/\" class=\"more-link\">Continuer la lecture<span class=\"screen-reader-text\"> de &laquo;&nbsp;Offres 2025&nbsp;&raquo;<\/span><\/a><\/p>\n","protected":false},"author":1,"featured_media":0,"parent":0,"menu_order":0,"comment_status":"closed","ping_status":"closed","template":"","meta":{"footnotes":""},"class_list":["post-1034","page","type-page","status-publish","hentry"],"_links":{"self":[{"href":"https:\/\/laboiteaje.fr\/index.php\/wp-json\/wp\/v2\/pages\/1034","targetHints":{"allow":["GET"]}}],"collection":[{"href":"https:\/\/laboiteaje.fr\/index.php\/wp-json\/wp\/v2\/pages"}],"about":[{"href":"https:\/\/laboiteaje.fr\/index.php\/wp-json\/wp\/v2\/types\/page"}],"author":[{"embeddable":true,"href":"https:\/\/laboiteaje.fr\/index.php\/wp-json\/wp\/v2\/users\/1"}],"replies":[{"embeddable":true,"href":"https:\/\/laboiteaje.fr\/index.php\/wp-json\/wp\/v2\/comments?post=1034"}],"version-history":[{"count":2,"href":"https:\/\/laboiteaje.fr\/index.php\/wp-json\/wp\/v2\/pages\/1034\/revisions"}],"predecessor-version":[{"id":1236,"href":"https:\/\/laboiteaje.fr\/index.php\/wp-json\/wp\/v2\/pages\/1034\/revisions\/1236"}],"wp:attachment":[{"href":"https:\/\/laboiteaje.fr\/index.php\/wp-json\/wp\/v2\/media?parent=1034"}],"curies":[{"name":"wp","href":"https:\/\/api.w.org\/{rel}","templated":true}]}}