{"id":1046,"date":"2024-11-19T16:41:27","date_gmt":"2024-11-19T15:41:27","guid":{"rendered":"http:\/\/laboiteaje.fr\/?page_id=1046"},"modified":"2026-03-30T11:22:04","modified_gmt":"2026-03-30T09:22:04","slug":"atelier-qvt","status":"publish","type":"page","link":"https:\/\/laboiteaje.fr\/index.php\/atelier-qvt\/","title":{"rendered":"Atelier QVT"},"content":{"rendered":"\n<p>En ce printemps 2026, besoin de renforcer la coh\u00e9sion de vos \u00e9quipes ou de pr\u00e9venir les risques psychosociaux ? Je vous accompagne avec une m\u00e9thode agile et pluridisciplinaire qui place l&rsquo;humain au c\u0153ur de la performance.<\/p>\n\n\n\n<p><strong>Mes outils pour une \u00e9quipe \u00e9panouie :<\/strong><\/p>\n\n\n\n<ol start=\"1\" class=\"wp-block-list\">\n<li><strong>Mise en mouvement :<\/strong> Yoga du rire et expression corporelle (Clown) pour lib\u00e9rer les tensions.<\/li>\n\n\n\n<li><strong>R\u00e9flexion profonde :<\/strong> Ateliers philo et psychologie positive pour explorer les valeurs de l&rsquo;entreprise.<\/li>\n\n\n\n<li><strong>Intelligence Collective :<\/strong> Coaching cr\u00e9atif bas\u00e9 sur une \u00e9coute active et empathique et un zeste de R\u00eave du Dragon !<\/li>\n<\/ol>\n\n\n\n<p>Offrez \u00e0 vos collaborateurs un espace de libert\u00e9 pour renforcer leur engagement et leur plaisir au travail.<\/p>\n\n\n\n<p>\ud83d\udce9 Un projet ? <\/p>\n\n\n\n<p>Contactez-moi \u00e0 <strong><a>juliette@laboiteaje.fr<\/a><\/strong> ou au <strong>06 66 53 28 87<\/strong><\/p>\n\n\n\n<p><\/p>\n","protected":false},"excerpt":{"rendered":"<p>En ce printemps 2026, besoin de renforcer la coh\u00e9sion de vos \u00e9quipes ou de pr\u00e9venir les risques psychosociaux ? Je vous accompagne avec une m\u00e9thode agile et pluridisciplinaire qui place l&rsquo;humain au c\u0153ur de la performance. Mes outils pour une \u00e9quipe \u00e9panouie : Offrez \u00e0 vos collaborateurs un espace de libert\u00e9 pour renforcer leur engagement &hellip; <\/p>\n<p class=\"link-more\"><a href=\"https:\/\/laboiteaje.fr\/index.php\/atelier-qvt\/\" class=\"more-link\">Continuer la lecture<span class=\"screen-reader-text\"> de &laquo;&nbsp;Atelier QVT&nbsp;&raquo;<\/span><\/a><\/p>\n","protected":false},"author":1,"featured_media":0,"parent":0,"menu_order":0,"comment_status":"closed","ping_status":"closed","template":"","meta":{"footnotes":""},"class_list":["post-1046","page","type-page","status-publish","hentry"],"_links":{"self":[{"href":"https:\/\/laboiteaje.fr\/index.php\/wp-json\/wp\/v2\/pages\/1046","targetHints":{"allow":["GET"]}}],"collection":[{"href":"https:\/\/laboiteaje.fr\/index.php\/wp-json\/wp\/v2\/pages"}],"about":[{"href":"https:\/\/laboiteaje.fr\/index.php\/wp-json\/wp\/v2\/types\/page"}],"author":[{"embeddable":true,"href":"https:\/\/laboiteaje.fr\/index.php\/wp-json\/wp\/v2\/users\/1"}],"replies":[{"embeddable":true,"href":"https:\/\/laboiteaje.fr\/index.php\/wp-json\/wp\/v2\/comments?post=1046"}],"version-history":[{"count":4,"href":"https:\/\/laboiteaje.fr\/index.php\/wp-json\/wp\/v2\/pages\/1046\/revisions"}],"predecessor-version":[{"id":1355,"href":"https:\/\/laboiteaje.fr\/index.php\/wp-json\/wp\/v2\/pages\/1046\/revisions\/1355"}],"wp:attachment":[{"href":"https:\/\/laboiteaje.fr\/index.php\/wp-json\/wp\/v2\/media?parent=1046"}],"curies":[{"name":"wp","href":"https:\/\/api.w.org\/{rel}","templated":true}]}}