{"id":1048,"date":"2024-11-19T16:42:24","date_gmt":"2024-11-19T15:42:24","guid":{"rendered":"http:\/\/laboiteaje.fr\/?page_id=1048"},"modified":"2024-12-04T20:47:26","modified_gmt":"2024-12-04T19:47:26","slug":"atelier-app-creche","status":"publish","type":"page","link":"https:\/\/laboiteaje.fr\/index.php\/atelier-app-creche\/","title":{"rendered":"Accompagner les Professionnelles de la Petite Enfance"},"content":{"rendered":"\n<h3 class=\"wp-block-heading\"><strong> L&rsquo;Analyse de la Pratique Professionnelle<\/strong><\/h3>\n\n\n\n<p><strong>Pourquoi l&rsquo;Analyse de la Pratique Professionnelle est essentielle ?<\/strong><br>Le m\u00e9tier des professionnelles de la petite enfance est un m\u00e9tier riche, mais exigeant. Chaque journ\u00e9e apporte son lot de d\u00e9fis : r\u00e9pondre aux besoins des tout-petits, g\u00e9rer les attentes des parents, et travailler en \u00e9quipe dans un environnement parfois intense. Ces r\u00e9alit\u00e9s, bien que passionnantes, n\u00e9cessitent un espace pour r\u00e9fl\u00e9chir, \u00e9changer, et trouver des solutions concr\u00e8tes et adapt\u00e9es.<\/p>\n\n\n\n<p>C&rsquo;est dans cet esprit que je propose <strong>l&rsquo;Analyse de la Pratique Professionnelle (APP)<\/strong>, un espace d\u00e9di\u00e9 pour soutenir les professionnelles de cr\u00e8che et de la petite enfance dans leur mission.<\/p>\n\n\n\n<p><strong>Une approche structur\u00e9e et bienveillante, proche d\u2019une formation<\/strong><br>Mon approche d&rsquo;Analyse de la Pratique Professionnelle s&rsquo;inspire des outils issus de la <strong>Communication NonViolente (CNV)<\/strong>, de la gestion des \u00e9motions, et de la compr\u00e9hension des besoins fondamentaux. Con\u00e7ues comme des s\u00e9ances interactives et participatives, ces rencontres permettent de :<\/p>\n\n\n\n<ul class=\"wp-block-list\">\n<li><strong>R\u00e9fl\u00e9chir sur les situations rencontr\u00e9es au quotidien<\/strong> : conflits, gestion des \u00e9motions, ou encore communication avec les parents.<\/li>\n\n\n\n<li><strong>D\u00e9velopper des comp\u00e9tences en relation et en gestion de groupe<\/strong> gr\u00e2ce \u00e0 des jeux de r\u00f4le, des outils pratiques, et des \u00e9changes structur\u00e9s.<\/li>\n\n\n\n<li><strong>Renforcer la coh\u00e9sion d&rsquo;\u00e9quipe<\/strong> et cr\u00e9er un cadre de travail apais\u00e9 et collaboratif.<\/li>\n<\/ul>\n\n\n\n<p>Avec un cadre qui m\u00eale \u00e9coute, \u00e9change, et apprentissage, ces s\u00e9ances d\u2019APP sont pens\u00e9es pour s\u2019inscrire dans une d\u00e9marche de professionnalisation continue.<\/p>\n\n\n\n<p><strong>\u00c0 qui s&rsquo;adresse cette d\u00e9marche ?<\/strong><br>Ce dispositif est destin\u00e9 \u00e0 toutes les professionnelles de la petite enfance travaillant en cr\u00e8che, mais \u00e9galement \u00e0 celles intervenant dans d&rsquo;autres structures d&rsquo;accueil. Il peut \u00eatre propos\u00e9 sous forme de s\u00e9ances r\u00e9guli\u00e8res ou dans le cadre de formations ponctuelles adapt\u00e9es aux besoins de l\u2019\u00e9quipe.<\/p>\n\n\n\n<p><strong>Le d\u00e9roul\u00e9 des s\u00e9ances :<\/strong><\/p>\n\n\n\n<ul class=\"wp-block-list\">\n<li><strong>Tour d\u2019ouverture<\/strong> (par exemple, un tour m\u00e9t\u00e9o pour \u00e9valuer l&rsquo;\u00e9tat \u00e9motionnel de chacun).<\/li>\n\n\n\n<li><strong>Pr\u00e9sentation de situations concr\u00e8tes<\/strong> v\u00e9cues par les participantes.<\/li>\n\n\n\n<li><strong>Analyse collective et jeux de r\u00f4le<\/strong> pour exp\u00e9rimenter des solutions concr\u00e8tes.<\/li>\n\n\n\n<li><strong>Cl\u00f4ture avec un feedback constructif<\/strong> pour capitaliser sur les apprentissages et identifier des pistes d&rsquo;am\u00e9lioration.<\/li>\n<\/ul>\n\n\n\n<p><strong>Un accompagnement adapt\u00e9 et certifi\u00e9<\/strong><br>Forte de mes certifications en <strong>Animation d\u2019ateliers philo<\/strong>, en <strong>Communication NonViolente<\/strong>, en <strong>Ma\u00efeusth\u00e9sie<\/strong>, et de ma longue exp\u00e9rience dans l\u2019accompagnement professionnel, j\u2019ai \u00e0 c\u0153ur d\u2019offrir des outils et des pratiques qui allient humanit\u00e9 et pragmatisme.<\/p>\n\n\n\n<p>Ces s\u00e9ances permettent aux professionnelles de la petite enfance de gagner en s\u00e9r\u00e9nit\u00e9, en comp\u00e9tence, et en confiance, tout en restant pleinement align\u00e9es avec les valeurs \u00e9ducatives et relationnelles qui les animent.<\/p>\n\n\n\n<p><strong>Vous souhaitez mettre en place l&rsquo;Analyse de la Pratique dans votre structure ?<\/strong><br>N&rsquo;h\u00e9sitez pas <a href=\"https:\/\/laboiteaje.fr\/index.php\/rdv-et-contact\/\" data-type=\"link\" data-id=\"https:\/\/laboiteaje.fr\/index.php\/rdv-et-contact\/\" target=\"_blank\" rel=\"noreferrer noopener\">\u00e0 me contacter<\/a>  pour faire parvenir le programme de cette formation ou \u00e9laborer ensemble un accompagnement sur mesure, adapt\u00e9 aux besoins sp\u00e9cifiques de votre \u00e9quipe.<\/p>\n","protected":false},"excerpt":{"rendered":"<p>L&rsquo;Analyse de la Pratique Professionnelle Pourquoi l&rsquo;Analyse de la Pratique Professionnelle est essentielle ?Le m\u00e9tier des professionnelles de la petite enfance est un m\u00e9tier riche, mais exigeant. Chaque journ\u00e9e apporte son lot de d\u00e9fis : r\u00e9pondre aux besoins des tout-petits, g\u00e9rer les attentes des parents, et travailler en \u00e9quipe dans un environnement parfois intense. Ces &hellip; <\/p>\n<p class=\"link-more\"><a href=\"https:\/\/laboiteaje.fr\/index.php\/atelier-app-creche\/\" class=\"more-link\">Continuer la lecture<span class=\"screen-reader-text\"> de &laquo;&nbsp;Accompagner les Professionnelles de la Petite Enfance&nbsp;&raquo;<\/span><\/a><\/p>\n","protected":false},"author":1,"featured_media":0,"parent":0,"menu_order":0,"comment_status":"closed","ping_status":"closed","template":"","meta":{"footnotes":""},"class_list":["post-1048","page","type-page","status-publish","hentry"],"_links":{"self":[{"href":"https:\/\/laboiteaje.fr\/index.php\/wp-json\/wp\/v2\/pages\/1048","targetHints":{"allow":["GET"]}}],"collection":[{"href":"https:\/\/laboiteaje.fr\/index.php\/wp-json\/wp\/v2\/pages"}],"about":[{"href":"https:\/\/laboiteaje.fr\/index.php\/wp-json\/wp\/v2\/types\/page"}],"author":[{"embeddable":true,"href":"https:\/\/laboiteaje.fr\/index.php\/wp-json\/wp\/v2\/users\/1"}],"replies":[{"embeddable":true,"href":"https:\/\/laboiteaje.fr\/index.php\/wp-json\/wp\/v2\/comments?post=1048"}],"version-history":[{"count":4,"href":"https:\/\/laboiteaje.fr\/index.php\/wp-json\/wp\/v2\/pages\/1048\/revisions"}],"predecessor-version":[{"id":1111,"href":"https:\/\/laboiteaje.fr\/index.php\/wp-json\/wp\/v2\/pages\/1048\/revisions\/1111"}],"wp:attachment":[{"href":"https:\/\/laboiteaje.fr\/index.php\/wp-json\/wp\/v2\/media?parent=1048"}],"curies":[{"name":"wp","href":"https:\/\/api.w.org\/{rel}","templated":true}]}}