{"id":1060,"date":"2024-11-19T17:13:28","date_gmt":"2024-11-19T16:13:28","guid":{"rendered":"http:\/\/laboiteaje.fr\/?page_id=1060"},"modified":"2024-11-19T17:13:28","modified_gmt":"2024-11-19T16:13:28","slug":"accessibilite","status":"publish","type":"page","link":"https:\/\/laboiteaje.fr\/index.php\/accessibilite\/","title":{"rendered":"Accessibilit\u00e9"},"content":{"rendered":"\n<p>La Bo\u00eete \u00e0 Je s&rsquo;engage \u00e0 rendre ses formations accessibles \u00e0 tous, en prenant en compte les besoins sp\u00e9cifiques des personnes en situation de handicap. Dans la mesure de ses moyens mat\u00e9riels, techniques et humains, La Bo\u00eete \u00e0 Je met en \u0153uvre les adaptations n\u00e9cessaires pour garantir \u00e0 chaque participant des conditions optimales d\u2019apprentissage.<\/p>\n\n\n\n<p>Si toutefois les besoins d\u2019une personne n\u00e9cessitent des ressources sp\u00e9cialis\u00e9es qui d\u00e9passent les comp\u00e9tences ou les capacit\u00e9s disponibles, La Bo\u00eete \u00e0 Je orientera le b\u00e9n\u00e9ficiaire vers un r\u00e9f\u00e9rent handicap ou un organisme partenaire comp\u00e9tent, afin d\u2019assurer une r\u00e9ponse adapt\u00e9e et bienveillante \u00e0 sa situation.<\/p>\n\n\n\n<p>Notre engagement est de promouvoir l\u2019inclusion tout en garantissant un accompagnement respectueux et r\u00e9aliste pour que chacun puisse avancer sur son chemin de d\u00e9veloppement personnel et professionnel.<\/p>\n","protected":false},"excerpt":{"rendered":"<p>La Bo\u00eete \u00e0 Je s&rsquo;engage \u00e0 rendre ses formations accessibles \u00e0 tous, en prenant en compte les besoins sp\u00e9cifiques des personnes en situation de handicap. Dans la mesure de ses moyens mat\u00e9riels, techniques et humains, La Bo\u00eete \u00e0 Je met en \u0153uvre les adaptations n\u00e9cessaires pour garantir \u00e0 chaque participant des conditions optimales d\u2019apprentissage. Si &hellip; <\/p>\n<p class=\"link-more\"><a href=\"https:\/\/laboiteaje.fr\/index.php\/accessibilite\/\" class=\"more-link\">Continuer la lecture<span class=\"screen-reader-text\"> de &laquo;&nbsp;Accessibilit\u00e9&nbsp;&raquo;<\/span><\/a><\/p>\n","protected":false},"author":1,"featured_media":0,"parent":0,"menu_order":0,"comment_status":"closed","ping_status":"closed","template":"","meta":{"footnotes":""},"class_list":["post-1060","page","type-page","status-publish","hentry"],"_links":{"self":[{"href":"https:\/\/laboiteaje.fr\/index.php\/wp-json\/wp\/v2\/pages\/1060","targetHints":{"allow":["GET"]}}],"collection":[{"href":"https:\/\/laboiteaje.fr\/index.php\/wp-json\/wp\/v2\/pages"}],"about":[{"href":"https:\/\/laboiteaje.fr\/index.php\/wp-json\/wp\/v2\/types\/page"}],"author":[{"embeddable":true,"href":"https:\/\/laboiteaje.fr\/index.php\/wp-json\/wp\/v2\/users\/1"}],"replies":[{"embeddable":true,"href":"https:\/\/laboiteaje.fr\/index.php\/wp-json\/wp\/v2\/comments?post=1060"}],"version-history":[{"count":1,"href":"https:\/\/laboiteaje.fr\/index.php\/wp-json\/wp\/v2\/pages\/1060\/revisions"}],"predecessor-version":[{"id":1061,"href":"https:\/\/laboiteaje.fr\/index.php\/wp-json\/wp\/v2\/pages\/1060\/revisions\/1061"}],"wp:attachment":[{"href":"https:\/\/laboiteaje.fr\/index.php\/wp-json\/wp\/v2\/media?parent=1060"}],"curies":[{"name":"wp","href":"https:\/\/api.w.org\/{rel}","templated":true}]}}