{"id":1067,"date":"2024-11-19T20:14:42","date_gmt":"2024-11-19T19:14:42","guid":{"rendered":"http:\/\/laboiteaje.fr\/?page_id=1067"},"modified":"2025-03-25T11:42:06","modified_gmt":"2025-03-25T10:42:06","slug":"modalites-et-delais-dacces-aux-prestations-de-la-boite-a-je","status":"publish","type":"page","link":"https:\/\/laboiteaje.fr\/index.php\/modalites-et-delais-dacces-aux-prestations-de-la-boite-a-je\/","title":{"rendered":"Modalit\u00e9s et d\u00e9lais d\u2019acc\u00e8s aux prestations de La Bo\u00eete \u00e0 Je"},"content":{"rendered":"\n<h3 class=\"wp-block-heading\"><\/h3>\n\n\n\n<p><strong>1. Entretien pr\u00e9alable sans obligation d\u2019achat<\/strong><br>Avant toute validation, un entretien pr\u00e9alable est propos\u00e9 pour recueillir vos besoins, r\u00e9pondre \u00e0 vos questions et d\u00e9finir ensemble les grandes lignes de la prestation envisag\u00e9e.<br>Cet entretien est enti\u00e8rement gratuit et sans obligation d\u2019achat, afin de vous permettre de r\u00e9fl\u00e9chir librement avant de vous engager.<\/p>\n\n\n\n<p>Les personnes int\u00e9ress\u00e9s peuvent contacter La Bo\u00eete \u00e0 Je par t\u00e9l\u00e9phone au 06 66 53 28 87, par e-mail \u00e0 juliette@laboiteaje.fr<\/p>\n\n\n\n<hr class=\"wp-block-separator has-alpha-channel-opacity\"\/>\n\n\n\n<p><strong>2. Transmission du devis<\/strong><br>Toute demande de prestation donne lieu \u00e0 l\u2019\u00e9mission d\u2019un devis d\u00e9taill\u00e9, pr\u00e9cisant le montant <strong>net de TVA<\/strong> (<em>article 261, 4\u00b0-4 du Code g\u00e9n\u00e9ral des imp\u00f4ts (CGI<\/em>). de la prestation ainsi que les dates de r\u00e9alisation propos\u00e9es.<br>Le devis est transmis par voie \u00e9lectronique (email) ou via une plateforme d\u00e9mat\u00e9rialis\u00e9e telle que MonCompteFormation.gouv.fr.<\/p>\n\n\n\n<hr class=\"wp-block-separator has-alpha-channel-opacity\"\/>\n\n\n\n<p><strong>3. Validation de la prestation<\/strong><\/p>\n\n\n\n<p>La prestation d\u00e9marre apr\u00e8s :<\/p>\n\n\n\n<ul class=\"wp-block-list\">\n<li>L\u2019acceptation du devis par le b\u00e9n\u00e9ficiaire.<\/li>\n\n\n\n<li>La signature du contrat ou de la convention de formation.<\/li>\n<\/ul>\n\n\n\n<hr class=\"wp-block-separator has-alpha-channel-opacity\"\/>\n\n\n\n<p><strong>4. D\u00e9lais d\u2019acc\u00e8s<\/strong><br>Un d\u00e9lai minimum de 14 jours calendaires est n\u00e9cessaire entre l\u2019acceptation du devis et le d\u00e9marrage de la prestation.<br>Ce d\u00e9lai garantit une planification optimale, adapt\u00e9e aux besoins du b\u00e9n\u00e9ficiaire et aux disponibilit\u00e9s du formateur(trice) r\u00e9f\u00e9rent(e).<\/p>\n\n\n\n<hr class=\"wp-block-separator has-alpha-channel-opacity\"\/>\n\n\n\n<p><strong>5. Accessibilit\u00e9 :<\/strong><br>Les locaux actuels de La Bo\u00eete \u00e0 Je ne sont pas accessibles aux personnes en situation de handicap moteur.<br>\u25cb Solution alternative :<br>Pour les b\u00e9n\u00e9ficiaires n\u00e9cessitant des locaux conformes aux normes PMR (Personnes \u00e0 Mobilit\u00e9 R\u00e9duite), une salle r\u00e9pondant aux crit\u00e8res d\u2019accessibilit\u00e9 sera lou\u00e9e sp\u00e9cialement.<br>Le rendez-vous t\u00e9l\u00e9phonique pr\u00e9alable permettra d&rsquo;organiser les am\u00e9nagements n\u00e9cessaires.<br>\u25cb Autres situations de handicap : Des am\u00e9nagements sp\u00e9cifiques (supports adapt\u00e9s, sessions en distanciel, etc.) peuvent \u00eatre propos\u00e9s en fonction des besoins identifi\u00e9s lors de l\u2019entretien t\u00e9l\u00e9phonique.<\/p>\n\n\n\n<hr class=\"wp-block-separator has-alpha-channel-opacity\"\/>\n\n\n\n<p><strong>5. Organisation du planning<\/strong><br>Une fois la prestation valid\u00e9e, le planning est co-construit en accord avec le b\u00e9n\u00e9ficiaire.<br>Pour toute information compl\u00e9mentaire ou pour organiser le calendrier, contactez juliette(@)laboiteaje.fr.<\/p>\n\n\n\n<p><\/p>\n\n\n\n<p><\/p>\n","protected":false},"excerpt":{"rendered":"<p>1. Entretien pr\u00e9alable sans obligation d\u2019achatAvant toute validation, un entretien pr\u00e9alable est propos\u00e9 pour recueillir vos besoins, r\u00e9pondre \u00e0 vos questions et d\u00e9finir ensemble les grandes lignes de la prestation envisag\u00e9e.Cet entretien est enti\u00e8rement gratuit et sans obligation d\u2019achat, afin de vous permettre de r\u00e9fl\u00e9chir librement avant de vous engager. Les personnes int\u00e9ress\u00e9s peuvent contacter &hellip; <\/p>\n<p class=\"link-more\"><a href=\"https:\/\/laboiteaje.fr\/index.php\/modalites-et-delais-dacces-aux-prestations-de-la-boite-a-je\/\" class=\"more-link\">Continuer la lecture<span class=\"screen-reader-text\"> de &laquo;&nbsp;Modalit\u00e9s et d\u00e9lais d\u2019acc\u00e8s aux prestations de La Bo\u00eete \u00e0 Je&nbsp;&raquo;<\/span><\/a><\/p>\n","protected":false},"author":1,"featured_media":0,"parent":0,"menu_order":0,"comment_status":"closed","ping_status":"closed","template":"","meta":{"footnotes":""},"class_list":["post-1067","page","type-page","status-publish","hentry"],"_links":{"self":[{"href":"https:\/\/laboiteaje.fr\/index.php\/wp-json\/wp\/v2\/pages\/1067","targetHints":{"allow":["GET"]}}],"collection":[{"href":"https:\/\/laboiteaje.fr\/index.php\/wp-json\/wp\/v2\/pages"}],"about":[{"href":"https:\/\/laboiteaje.fr\/index.php\/wp-json\/wp\/v2\/types\/page"}],"author":[{"embeddable":true,"href":"https:\/\/laboiteaje.fr\/index.php\/wp-json\/wp\/v2\/users\/1"}],"replies":[{"embeddable":true,"href":"https:\/\/laboiteaje.fr\/index.php\/wp-json\/wp\/v2\/comments?post=1067"}],"version-history":[{"count":6,"href":"https:\/\/laboiteaje.fr\/index.php\/wp-json\/wp\/v2\/pages\/1067\/revisions"}],"predecessor-version":[{"id":1220,"href":"https:\/\/laboiteaje.fr\/index.php\/wp-json\/wp\/v2\/pages\/1067\/revisions\/1220"}],"wp:attachment":[{"href":"https:\/\/laboiteaje.fr\/index.php\/wp-json\/wp\/v2\/media?parent=1067"}],"curies":[{"name":"wp","href":"https:\/\/api.w.org\/{rel}","templated":true}]}}