{"id":1092,"date":"2024-12-04T18:28:42","date_gmt":"2024-12-04T17:28:42","guid":{"rendered":"http:\/\/laboiteaje.fr\/?page_id=1092"},"modified":"2026-03-30T11:47:35","modified_gmt":"2026-03-30T09:47:35","slug":"modalites-et-delais-dacces-pour-un-bilan-de-competences","status":"publish","type":"page","link":"https:\/\/laboiteaje.fr\/index.php\/modalites-et-delais-dacces-pour-un-bilan-de-competences\/","title":{"rendered":"Modalit\u00e9s et d\u00e9lais d\u2019acc\u00e8s pour un bilan de comp\u00e9tences"},"content":{"rendered":"\n<p>Les b\u00e9n\u00e9ficiaires peuvent s\u2019inscrire via t\u00e9l\u00e9phone, e-mail.<\/p>\n\n\n\n<p>Un rendez-vous t\u00e9l\u00e9phonique gratuit est syst\u00e9matiquement propos\u00e9 avant l\u2019inscription.<\/p>\n\n\n\n<p>Les prestations sont accessibles dans un d\u00e9lai de 2 \u00e0 4 semaines apr\u00e8s la demande, avec des ajustements possibles pour des am\u00e9nagements sp\u00e9cifiques (salles PMR, supports adapt\u00e9s).<\/p>\n\n\n\n<p>En cas de besoins particuliers, des solutions alternatives sont propos\u00e9es, telles que :<\/p>\n\n\n\n<ul class=\"wp-block-list\">\n<li>Location de locaux accessibles PMR.<\/li>\n\n\n\n<li>Sessions en distanciel si n\u00e9cessaire.<\/li>\n<\/ul>\n\n\n\n<p>Pour en savoir plus sur les Modalit\u00e9s et d\u00e9lais d&rsquo;acc\u00e8s, <a href=\"http:\/\/laboiteaje.fr\/wp-content\/uploads\/2026\/03\/Indicateur-1-Modalites-et-Delais-dAcces-Bilan-de-competences.docx-1.pdf\">cliquez ici.<\/a><\/p>\n\n\n\n<p><\/p>\n","protected":false},"excerpt":{"rendered":"<p>Les b\u00e9n\u00e9ficiaires peuvent s\u2019inscrire via t\u00e9l\u00e9phone, e-mail. Un rendez-vous t\u00e9l\u00e9phonique gratuit est syst\u00e9matiquement propos\u00e9 avant l\u2019inscription. Les prestations sont accessibles dans un d\u00e9lai de 2 \u00e0 4 semaines apr\u00e8s la demande, avec des ajustements possibles pour des am\u00e9nagements sp\u00e9cifiques (salles PMR, supports adapt\u00e9s). En cas de besoins particuliers, des solutions alternatives sont propos\u00e9es, telles que &hellip; <\/p>\n<p class=\"link-more\"><a href=\"https:\/\/laboiteaje.fr\/index.php\/modalites-et-delais-dacces-pour-un-bilan-de-competences\/\" class=\"more-link\">Continuer la lecture<span class=\"screen-reader-text\"> de &laquo;&nbsp;Modalit\u00e9s et d\u00e9lais d\u2019acc\u00e8s pour un bilan de comp\u00e9tences&nbsp;&raquo;<\/span><\/a><\/p>\n","protected":false},"author":1,"featured_media":0,"parent":0,"menu_order":0,"comment_status":"closed","ping_status":"closed","template":"","meta":{"footnotes":""},"class_list":["post-1092","page","type-page","status-publish","hentry"],"_links":{"self":[{"href":"https:\/\/laboiteaje.fr\/index.php\/wp-json\/wp\/v2\/pages\/1092","targetHints":{"allow":["GET"]}}],"collection":[{"href":"https:\/\/laboiteaje.fr\/index.php\/wp-json\/wp\/v2\/pages"}],"about":[{"href":"https:\/\/laboiteaje.fr\/index.php\/wp-json\/wp\/v2\/types\/page"}],"author":[{"embeddable":true,"href":"https:\/\/laboiteaje.fr\/index.php\/wp-json\/wp\/v2\/users\/1"}],"replies":[{"embeddable":true,"href":"https:\/\/laboiteaje.fr\/index.php\/wp-json\/wp\/v2\/comments?post=1092"}],"version-history":[{"count":3,"href":"https:\/\/laboiteaje.fr\/index.php\/wp-json\/wp\/v2\/pages\/1092\/revisions"}],"predecessor-version":[{"id":1366,"href":"https:\/\/laboiteaje.fr\/index.php\/wp-json\/wp\/v2\/pages\/1092\/revisions\/1366"}],"wp:attachment":[{"href":"https:\/\/laboiteaje.fr\/index.php\/wp-json\/wp\/v2\/media?parent=1092"}],"curies":[{"name":"wp","href":"https:\/\/api.w.org\/{rel}","templated":true}]}}