{"id":1328,"date":"2026-03-09T13:33:24","date_gmt":"2026-03-09T12:33:24","guid":{"rendered":"https:\/\/laboiteaje.fr\/?page_id=1328"},"modified":"2026-03-09T13:33:24","modified_gmt":"2026-03-09T12:33:24","slug":"structurer-son-entreprise-en-3-jours","status":"publish","type":"page","link":"https:\/\/laboiteaje.fr\/index.php\/structurer-son-entreprise-en-3-jours\/","title":{"rendered":"Structurer son entreprise en 3 jours"},"content":{"rendered":"\n<p>Dans le cadre de son accompagnement des professionnels et des entrepreneurs, La Bo\u00eete \u00e0 Je propose des formations d\u00e9di\u00e9es \u00e0 la structuration et \u00e0 l\u2019organisation du fonctionnement des entreprises.<br>L\u2019objectif est d\u2019aider les dirigeants, ind\u00e9pendants et consultants \u00e0 :<br>\u2714clarifier leurs processus<br>\u2714structurer leur organisation<br>\u2714mettre en place des outils efficaces pour piloter leur activit\u00e9.<\/p>\n\n\n\n<p>La formation \u00ab\u00a0Structurer son entreprise avec Notion\u00a0\u00bb s\u2019inscrit dans cette d\u00e9marche.<br>Elle est propos\u00e9e en collaboration avec <a href=\"https:\/\/christelle-picault.fr\/\" data-type=\"link\" data-id=\"https:\/\/christelle-picault.fr\/\">Christelle Picault<\/a>, sp\u00e9cialiste de l\u2019organisation des entreprises et de l\u2019int\u00e9gration d\u2019outils num\u00e9riques et d\u2019intelligence artificielle pour optimiser les syst\u00e8mes de travail.<\/p>\n\n\n\n<p><strong>La formation \u00ab\u00a0Structurer son entreprise avec Notion\u00a0\u00bb<\/strong> permet aux entrepreneurs, consultants et dirigeants de TPE de mettre en place une organisation claire, des processus structur\u00e9s et un syst\u00e8me de pilotage simple pour leur activit\u00e9.<br>Elle combine diagnostic organisationnel, structuration des processus et mise en place d\u2019un syst\u00e8me op\u00e9rationnel dans Notion.<br>En trois jours, les participants construisent un espace de travail complet permettant de :<br>\u2714 organiser les projets et les missions<br>\u2714 structurer les processus de travail<br>\u2714 centraliser les informations clients<br>\u2714 suivre les t\u00e2ches et les priorit\u00e9s<br>\u2714 piloter l\u2019activit\u00e9 gr\u00e2ce \u00e0 des tableaux de bord.<\/p>\n\n\n\n<p>Cette formation s\u2019adresse aux entrepreneurs, ind\u00e9pendants, consultants et dirigeants souhaitant structurer leur organisation et gagner en efficacit\u00e9 dans la gestion de leur activit\u00e9.<\/p>\n\n\n\n<p>Gr\u00e2ce \u00e0 une approche tr\u00e8s pratique, les participants repartent avec un syst\u00e8me Notion op\u00e9rationnel et adapt\u00e9 \u00e0 leur entreprise.<\/p>\n\n\n\n<p><strong>Informations pratiques<\/strong><br>Dur\u00e9e : 3 jours \u2013 21 heures<br>Format : pr\u00e9sentiel<br>Outil utilis\u00e9 : Notion<br>Programme : Cliquez ici<br><\/p>\n\n\n\n<p><strong>Intervenante : <a href=\"https:\/\/christelle-picault.fr\/\">Christelle Picault<\/a><\/strong><br>Christelle Picault accompagne les entrepreneurs, dirigeants et consultants dans la structuration de leur organisation et l\u2019optimisation de leurs syst\u00e8mes de travail.<br>Sp\u00e9cialis\u00e9e dans l\u2019utilisation d\u2019outils num\u00e9riques et d\u2019intelligence artificielle appliqu\u00e9s \u00e0 l\u2019organisation des entreprises, elle aide les professionnels \u00e0 clarifier leurs processus, structurer leur fonctionnement et mettre en place des syst\u00e8mes simples et efficaces pour piloter leur activit\u00e9.<br>Son approche combine :<br>\u2714 analyse organisationnelle<br>\u2714 structuration des processus<br>\u2714 mise en place d\u2019outils op\u00e9rationnels<br>\u2714 optimisation des syst\u00e8mes de travail.<br>Au cours de ses accompagnements et formations, elle guide les participants dans la cr\u00e9ation d\u2019un environnement de travail structur\u00e9 et durable, adapt\u00e9 \u00e0 la r\u00e9alit\u00e9 de leur activit\u00e9.<\/p>\n\n\n\n<p><strong>Vous souhaitez structurer votre entreprise et clarifier votre organisation ?<\/strong><br>Contactez La Bo\u00eete \u00e0 Je pour obtenir les informations sur les prochaines sessions ou les modalit\u00e9s d\u2019inscription.<\/p>\n\n\n\n<p><\/p>\n","protected":false},"excerpt":{"rendered":"<p>Dans le cadre de son accompagnement des professionnels et des entrepreneurs, La Bo\u00eete \u00e0 Je propose des formations d\u00e9di\u00e9es \u00e0 la structuration et \u00e0 l\u2019organisation du fonctionnement des entreprises.L\u2019objectif est d\u2019aider les dirigeants, ind\u00e9pendants et consultants \u00e0 :\u2714clarifier leurs processus\u2714structurer leur organisation\u2714mettre en place des outils efficaces pour piloter leur activit\u00e9. La formation \u00ab\u00a0Structurer son &hellip; <\/p>\n<p class=\"link-more\"><a href=\"https:\/\/laboiteaje.fr\/index.php\/structurer-son-entreprise-en-3-jours\/\" class=\"more-link\">Continuer la lecture<span class=\"screen-reader-text\"> de &laquo;&nbsp;Structurer son entreprise en 3 jours&nbsp;&raquo;<\/span><\/a><\/p>\n","protected":false},"author":1,"featured_media":0,"parent":0,"menu_order":0,"comment_status":"closed","ping_status":"closed","template":"","meta":{"footnotes":""},"class_list":["post-1328","page","type-page","status-publish","hentry"],"_links":{"self":[{"href":"https:\/\/laboiteaje.fr\/index.php\/wp-json\/wp\/v2\/pages\/1328","targetHints":{"allow":["GET"]}}],"collection":[{"href":"https:\/\/laboiteaje.fr\/index.php\/wp-json\/wp\/v2\/pages"}],"about":[{"href":"https:\/\/laboiteaje.fr\/index.php\/wp-json\/wp\/v2\/types\/page"}],"author":[{"embeddable":true,"href":"https:\/\/laboiteaje.fr\/index.php\/wp-json\/wp\/v2\/users\/1"}],"replies":[{"embeddable":true,"href":"https:\/\/laboiteaje.fr\/index.php\/wp-json\/wp\/v2\/comments?post=1328"}],"version-history":[{"count":1,"href":"https:\/\/laboiteaje.fr\/index.php\/wp-json\/wp\/v2\/pages\/1328\/revisions"}],"predecessor-version":[{"id":1329,"href":"https:\/\/laboiteaje.fr\/index.php\/wp-json\/wp\/v2\/pages\/1328\/revisions\/1329"}],"wp:attachment":[{"href":"https:\/\/laboiteaje.fr\/index.php\/wp-json\/wp\/v2\/media?parent=1328"}],"curies":[{"name":"wp","href":"https:\/\/api.w.org\/{rel}","templated":true}]}}