{"id":344,"date":"2019-02-26T14:52:13","date_gmt":"2019-02-26T13:52:13","guid":{"rendered":"http:\/\/laboiteaje.fr\/?page_id=344"},"modified":"2021-07-14T16:35:34","modified_gmt":"2021-07-14T14:35:34","slug":"yoga-du-rire-reiki","status":"publish","type":"page","link":"https:\/\/laboiteaje.fr\/index.php\/yoga-du-rire-reiki\/","title":{"rendered":"Capsules d&rsquo;apaisement"},"content":{"rendered":"\n<p>A la recherche d&rsquo;une \u00ab pause bien-\u00eatre \u00bb ponctuelle,  ou d&rsquo;une pratique pour rel\u00e2cher les tensions et apaiser le mental, je vous propose deux rem\u00e8des naturels : <\/p>\n\n\n\n<p><strong><span style=\"color:#b48e36\" class=\"has-inline-color\">Soin Energ\u00e9tique<\/span><\/strong><\/p>\n\n\n\n<p>Au cours d\u2019une ou plusieurs s\u00e9ances (en individuel) de Reiki Usui de 1h30, rel\u00e2chez les tensions.<\/p>\n\n\n\n<p>Le concept est tr\u00e8s simple : optimiser l&rsquo;\u00e9nergie au quotidien.<\/p>\n\n\n\n<p><a href=\"http:\/\/laboiteaje.fr\/wp-content\/uploads\/2019\/03\/Reiki-Usui.pdf\" target=\"_blank\" rel=\"noreferrer noopener\" aria-label=\" (s\u2019ouvre dans un nouvel onglet)\">Quelques bienfaits d&rsquo;une s\u00e9ance de Reiki Usui&#8230;<\/a><\/p>\n\n\n\n<p>Sur RDV<br>Tarif&nbsp;<em>(net de TVA)<\/em>&nbsp;: 60 \u20ac par s\u00e9ance<br><\/p>\n\n\n\n<blockquote class=\"wp-block-quote is-layout-flow wp-block-quote-is-layout-flow\"><p><strong>Compte tenu de l&rsquo;\u00e9pid\u00e9mie de Coronavirus, des s\u00e9ances \u00e0 distance sont possible. <\/strong><\/p><\/blockquote>\n\n\n\n<p>Sur RDV<br>Tarif&nbsp;<em>(net de TVA)<\/em>&nbsp;: 20 \u20ac par s\u00e9ance \u00e0 distance.<\/p>\n\n\n\n<p><\/p>\n\n\n\n<p><strong><span style=\"color:#b48e36\" class=\"has-inline-color\">Yoga du Rire<\/span><br><\/strong><\/p>\n\n\n\n<p>Au cours d&rsquo;un ou plusieurs ateliers de Yoga du Rire, prenez soin de votre sant\u00e9 physique &amp; mentale. <\/p>\n\n\n\n<p>Le concept est tr\u00e8s simple : rire intentionnellement et en groupe. <\/p>\n\n\n\n<p><a href=\"http:\/\/laboiteaje.fr\/wp-content\/uploads\/2019\/03\/Le-rire-agit-sur.png\" target=\"_blank\" rel=\"noreferrer noopener\" aria-label=\" (s\u2019ouvre dans un nouvel onglet)\">Quelques bienfaits du Rire&#8230;<\/a><\/p>\n\n\n\n<p>Tarif sur demande &#8211; Minimum 4 personnes &#8211; Dur\u00e9e 1 heure &#8211; de 18 \u00e0 88 ans.<br><\/p>\n\n\n\n<blockquote class=\"wp-block-quote is-layout-flow wp-block-quote-is-layout-flow\"><p><strong>En attendant de vous rencontrer,<\/strong><\/p><\/blockquote>\n\n\n\n<p>Voici quelques liens pour prendre du temps pour soi et pourquoi pas quelques fous rires !!!<br class=\"\"><a href=\"https:\/\/youtu.be\/TwUpYHYeXXo\" class=\"\">https:\/\/youtu.be\/TwUpYHYeXXo<\/a>&nbsp;&#8211; D\u00e9tente de rires<br class=\"\"><a href=\"https:\/\/youtu.be\/AnZHxJ24DsA\" class=\"\">https:\/\/youtu.be\/AnZHxJ24DsA<\/a>&nbsp;&#8211; Bibi<br class=\"\"><a href=\"https:\/\/youtu.be\/-zCpsWn8On4\" class=\"\">https:\/\/youtu.be\/-zCpsWn8On4<\/a>&nbsp;&#8211; D\u00e9tente de rires<br class=\"\"><a href=\"https:\/\/youtu.be\/bt3BL9VPsJM\" class=\"\">https:\/\/youtu.be\/bt3BL9VPsJM<\/a>&nbsp;&#8211; D\u00e9tente de rires<\/p>\n\n\n\n<p>:<\/p>\n\n\n\n<p><\/p>\n\n\n\n<div class=\"wp-block-image\"><figure class=\"aligncenter is-resized\"><img loading=\"lazy\" decoding=\"async\" src=\"http:\/\/laboiteaje.fr\/wp-content\/uploads\/2018\/01\/gouttes-boiteaje-jaune4.png\" alt=\"\" class=\"wp-image-174\" width=\"89\" height=\"89\" srcset=\"https:\/\/laboiteaje.fr\/wp-content\/uploads\/2018\/01\/gouttes-boiteaje-jaune4.png 355w, https:\/\/laboiteaje.fr\/wp-content\/uploads\/2018\/01\/gouttes-boiteaje-jaune4-150x150.png 150w, https:\/\/laboiteaje.fr\/wp-content\/uploads\/2018\/01\/gouttes-boiteaje-jaune4-300x300.png 300w, https:\/\/laboiteaje.fr\/wp-content\/uploads\/2018\/01\/gouttes-boiteaje-jaune4-100x100.png 100w\" sizes=\"auto, (max-width: 89px) 100vw, 89px\" \/><\/figure><\/div>\n\n\n\n<p>Pour en savoir plus :&nbsp;<\/p>\n\n\n\n<p>Je vous invite \u00e0 me solliciter en m&rsquo;envoyant un mail \u00e0 &nbsp;juliette(at)laboiteaje.fr<br>Je vous contacterai pour convenir d&rsquo;un \u00e9change t\u00e9l\u00e9phonique, enti\u00e8rement gratuit, au cours duquel nous verrons ensemble de quelle(s) fa\u00e7on(s) je peux vous accompagner au mieux.<\/p>\n\n\n\n<p>\u00c0 tr\u00e8s bient\u00f4t !<\/p>\n\n\n\n<p>Juliette.<\/p>\n\n\n\n<figure class=\"wp-block-image size-large\"><img loading=\"lazy\" decoding=\"async\" width=\"1024\" height=\"726\" src=\"http:\/\/laboiteaje.fr\/wp-content\/uploads\/2021\/01\/2022-Parcours-2-edited-1024x726.jpg\" alt=\"\" class=\"wp-image-604\" srcset=\"https:\/\/laboiteaje.fr\/wp-content\/uploads\/2021\/01\/2022-Parcours-2-edited-1024x726.jpg 1024w, https:\/\/laboiteaje.fr\/wp-content\/uploads\/2021\/01\/2022-Parcours-2-edited-300x213.jpg 300w, https:\/\/laboiteaje.fr\/wp-content\/uploads\/2021\/01\/2022-Parcours-2-edited-768x545.jpg 768w, https:\/\/laboiteaje.fr\/wp-content\/uploads\/2021\/01\/2022-Parcours-2-edited.jpg 1165w\" sizes=\"auto, (max-width: 767px) 89vw, (max-width: 1000px) 54vw, (max-width: 1071px) 543px, 580px\" \/><\/figure>\n","protected":false},"excerpt":{"rendered":"<p>A la recherche d&rsquo;une \u00ab pause bien-\u00eatre \u00bb ponctuelle, ou d&rsquo;une pratique pour rel\u00e2cher les tensions et apaiser le mental, je vous propose deux rem\u00e8des naturels : Soin Energ\u00e9tique Au cours d\u2019une ou plusieurs s\u00e9ances (en individuel) de Reiki Usui de 1h30, rel\u00e2chez les tensions. Le concept est tr\u00e8s simple : optimiser l&rsquo;\u00e9nergie au quotidien. &hellip; <\/p>\n<p class=\"link-more\"><a href=\"https:\/\/laboiteaje.fr\/index.php\/yoga-du-rire-reiki\/\" class=\"more-link\">Continuer la lecture<span class=\"screen-reader-text\"> de &laquo;&nbsp;Capsules d&rsquo;apaisement&nbsp;&raquo;<\/span><\/a><\/p>\n","protected":false},"author":1,"featured_media":176,"parent":0,"menu_order":0,"comment_status":"closed","ping_status":"closed","template":"","meta":{"footnotes":""},"class_list":["post-344","page","type-page","status-publish","has-post-thumbnail","hentry"],"_links":{"self":[{"href":"https:\/\/laboiteaje.fr\/index.php\/wp-json\/wp\/v2\/pages\/344","targetHints":{"allow":["GET"]}}],"collection":[{"href":"https:\/\/laboiteaje.fr\/index.php\/wp-json\/wp\/v2\/pages"}],"about":[{"href":"https:\/\/laboiteaje.fr\/index.php\/wp-json\/wp\/v2\/types\/page"}],"author":[{"embeddable":true,"href":"https:\/\/laboiteaje.fr\/index.php\/wp-json\/wp\/v2\/users\/1"}],"replies":[{"embeddable":true,"href":"https:\/\/laboiteaje.fr\/index.php\/wp-json\/wp\/v2\/comments?post=344"}],"version-history":[{"count":15,"href":"https:\/\/laboiteaje.fr\/index.php\/wp-json\/wp\/v2\/pages\/344\/revisions"}],"predecessor-version":[{"id":721,"href":"https:\/\/laboiteaje.fr\/index.php\/wp-json\/wp\/v2\/pages\/344\/revisions\/721"}],"wp:featuredmedia":[{"embeddable":true,"href":"https:\/\/laboiteaje.fr\/index.php\/wp-json\/wp\/v2\/media\/176"}],"wp:attachment":[{"href":"https:\/\/laboiteaje.fr\/index.php\/wp-json\/wp\/v2\/media?parent=344"}],"curies":[{"name":"wp","href":"https:\/\/api.w.org\/{rel}","templated":true}]}}