{"id":35,"date":"2018-01-02T20:17:15","date_gmt":"2018-01-02T19:17:15","guid":{"rendered":"http:\/\/laboiteaje.fr\/?page_id=35"},"modified":"2026-03-30T11:23:08","modified_gmt":"2026-03-30T09:23:08","slug":"gestion-du-temps-estime-de-soi-creativite","status":"publish","type":"page","link":"https:\/\/laboiteaje.fr\/index.php\/gestion-du-temps-estime-de-soi-creativite\/","title":{"rendered":"Ateliers Collectifs"},"content":{"rendered":"\n<p><em>En ce printemps 2026<\/em><\/p>\n\n\n\n<figure class=\"wp-block-image alignright size-large is-resized is-style-rounded\"><img fetchpriority=\"high\" decoding=\"async\" width=\"1024\" height=\"768\" src=\"http:\/\/laboiteaje.fr\/wp-content\/uploads\/2021\/01\/organisation-transverse--1024x768.jpg\" alt=\"Cr\u00e9ateur : Tetiana Lazunova \n| \nCr\u00e9dits : Getty Images\/iStockphoto\" class=\"wp-image-622\" style=\"width:256px;height:192px\" srcset=\"https:\/\/laboiteaje.fr\/wp-content\/uploads\/2021\/01\/organisation-transverse--1024x768.jpg 1024w, https:\/\/laboiteaje.fr\/wp-content\/uploads\/2021\/01\/organisation-transverse--300x225.jpg 300w, https:\/\/laboiteaje.fr\/wp-content\/uploads\/2021\/01\/organisation-transverse--768x576.jpg 768w, https:\/\/laboiteaje.fr\/wp-content\/uploads\/2021\/01\/organisation-transverse--1536x1152.jpg 1536w, https:\/\/laboiteaje.fr\/wp-content\/uploads\/2021\/01\/organisation-transverse-.jpg 2000w\" sizes=\"(max-width: 767px) 89vw, (max-width: 1000px) 54vw, (max-width: 1071px) 543px, 580px\" \/><\/figure>\n\n\n\n<p><span style=\"font-weight: 600;\"><span style=\"color:#b48e36\" class=\"has-inline-color\">Organisez-vous !<\/span><\/span><\/p>\n\n\n\n<p>Mettez de la conscience et r\u00e9pondez \u00e0 vos besoins dans l\u2019organisation de vos journ\u00e9es.<\/p>\n\n\n\n<ul class=\"wp-block-list\">\n<li>Tarif 80 \u20ac par personne &#8211; Maximum 4 personnes\/minimum 2 personnes &#8211; Dur\u00e9e 2 heures 30 &#8211; De 18 \u00e0 88 ans<\/li>\n<\/ul>\n\n\n\n<p><\/p>\n\n\n\n<p><b><span style=\"color:#b48e36\" class=\"has-inline-color\">Estimez-vous !<\/span><\/b><\/p>\n\n\n<div class=\"wp-block-image\">\n<figure class=\"alignright size-large is-resized\"><img decoding=\"async\" width=\"560\" height=\"397\" src=\"http:\/\/laboiteaje.fr\/wp-content\/uploads\/2018\/01\/you-aregold.jpg\" alt=\"\" class=\"wp-image-66\" style=\"width:201px;height:142px\" srcset=\"https:\/\/laboiteaje.fr\/wp-content\/uploads\/2018\/01\/you-aregold.jpg 560w, https:\/\/laboiteaje.fr\/wp-content\/uploads\/2018\/01\/you-aregold-300x213.jpg 300w\" sizes=\"(max-width: 560px) 100vw, 560px\" \/><\/figure><\/div>\n\n\n<p>Osez une nouvelle vision de vous-m\u00eame et de votre vie : une cr\u00e9ation au service de l\u2019estime de soi.<\/p>\n\n\n\n<ul class=\"wp-block-list\">\n<li>Tarif 70 \u20ac par personne &#8211; Maximum 4 personnes\/minimum 2 personnes &#8211; Dur\u00e9e \u00a02 heures 30 &#8211; De 18 \u00e0 88 ans<\/li>\n<\/ul>\n\n\n\n<p><\/p>\n\n\n\n<p><span style=\"font-weight: 600;\"><span style=\"color:#b48e36\" class=\"has-inline-color\">Elancez-vous !<\/span><\/span><\/p>\n\n\n<div class=\"wp-block-image is-style-rounded\">\n<figure class=\"alignright size-large is-resized\"><img decoding=\"async\" width=\"850\" height=\"478\" src=\"http:\/\/laboiteaje.fr\/wp-content\/uploads\/2021\/01\/orientation-850x478-1.jpg\" alt=\"\" class=\"wp-image-624\" style=\"width:213px;height:120px\" srcset=\"https:\/\/laboiteaje.fr\/wp-content\/uploads\/2021\/01\/orientation-850x478-1.jpg 850w, https:\/\/laboiteaje.fr\/wp-content\/uploads\/2021\/01\/orientation-850x478-1-300x169.jpg 300w, https:\/\/laboiteaje.fr\/wp-content\/uploads\/2021\/01\/orientation-850x478-1-768x432.jpg 768w\" sizes=\"(max-width: 767px) 89vw, (max-width: 1000px) 54vw, (max-width: 1071px) 543px, 580px\" \/><\/figure><\/div>\n\n\n<p>Partez \u00e0 la d\u00e9couverte de ce qui donne du sens \u00e0 votre vie.<\/p>\n\n\n\n<ul class=\"wp-block-list\">\n<li>Tarif 150 \u20ac par personne &#8211; Maximum 4 personnes\/minimum 2 personnes &#8211; Dur\u00e9e \u00a02 fois 2 heures 30 &#8211; De 18 \u00e0 88 ans<\/li>\n<\/ul>\n\n\n\n<p><\/p>\n\n\n\n<p><span style=\"font-weight: 600;\"><span style=\"color:#b48e36\" class=\"has-inline-color\">Equipez-vous !<\/span><\/span><\/p>\n\n\n\n<p>Prenez soin de votre qualit\u00e9 de vie au travail, v\u00e9ritable moteur dans votre motivation professionnelle.<\/p>\n\n\n\n<ul class=\"wp-block-list\">\n<li>\u00a0rendez-vous sur le site : http:\/\/qualitedevie-autravail.com<\/li>\n<\/ul>\n\n\n\n<p><span style=\"color: #666666; font-size: 1.25rem;\">Pour en savoir plus :&nbsp;<\/span><\/p>\n\n\n\n<p>Je vous invite \u00e0 me solliciter en m&rsquo;envoyant un mail \u00e0 &nbsp;juliette(at)laboiteaje.fr<br>Je vous contacterai pour convenir d&rsquo;un \u00e9change t\u00e9l\u00e9phonique, enti\u00e8rement gratuit, au cours duquel nous verrons ensemble de quelle(s) fa\u00e7on(s) je peux vous accompagner au mieux.<\/p>\n\n\n\n<p>\u00c0 tr\u00e8s bient\u00f4t !<\/p>\n\n\n\n<figure class=\"wp-block-image size-large\"><img loading=\"lazy\" decoding=\"async\" width=\"1024\" height=\"726\" src=\"http:\/\/laboiteaje.fr\/wp-content\/uploads\/2021\/01\/2022-Parcours-2-edited-1024x726.jpg\" alt=\"\" class=\"wp-image-604\" srcset=\"https:\/\/laboiteaje.fr\/wp-content\/uploads\/2021\/01\/2022-Parcours-2-edited-1024x726.jpg 1024w, https:\/\/laboiteaje.fr\/wp-content\/uploads\/2021\/01\/2022-Parcours-2-edited-300x213.jpg 300w, https:\/\/laboiteaje.fr\/wp-content\/uploads\/2021\/01\/2022-Parcours-2-edited-768x545.jpg 768w, https:\/\/laboiteaje.fr\/wp-content\/uploads\/2021\/01\/2022-Parcours-2-edited.jpg 1165w\" sizes=\"(max-width: 767px) 89vw, (max-width: 1000px) 54vw, (max-width: 1071px) 543px, 580px\" \/><\/figure>\n","protected":false},"excerpt":{"rendered":"<p>En ce printemps 2026 Organisez-vous ! Mettez de la conscience et r\u00e9pondez \u00e0 vos besoins dans l\u2019organisation de vos journ\u00e9es. Estimez-vous ! Osez une nouvelle vision de vous-m\u00eame et de votre vie : une cr\u00e9ation au service de l\u2019estime de soi. Elancez-vous ! Partez \u00e0 la d\u00e9couverte de ce qui donne du sens \u00e0 votre &hellip; <\/p>\n<p class=\"link-more\"><a href=\"https:\/\/laboiteaje.fr\/index.php\/gestion-du-temps-estime-de-soi-creativite\/\" class=\"more-link\">Continuer la lecture<span class=\"screen-reader-text\"> de &laquo;&nbsp;Ateliers Collectifs&nbsp;&raquo;<\/span><\/a><\/p>\n","protected":false},"author":1,"featured_media":340,"parent":0,"menu_order":0,"comment_status":"closed","ping_status":"closed","template":"","meta":{"footnotes":""},"class_list":["post-35","page","type-page","status-publish","has-post-thumbnail","hentry"],"_links":{"self":[{"href":"https:\/\/laboiteaje.fr\/index.php\/wp-json\/wp\/v2\/pages\/35","targetHints":{"allow":["GET"]}}],"collection":[{"href":"https:\/\/laboiteaje.fr\/index.php\/wp-json\/wp\/v2\/pages"}],"about":[{"href":"https:\/\/laboiteaje.fr\/index.php\/wp-json\/wp\/v2\/types\/page"}],"author":[{"embeddable":true,"href":"https:\/\/laboiteaje.fr\/index.php\/wp-json\/wp\/v2\/users\/1"}],"replies":[{"embeddable":true,"href":"https:\/\/laboiteaje.fr\/index.php\/wp-json\/wp\/v2\/comments?post=35"}],"version-history":[{"count":25,"href":"https:\/\/laboiteaje.fr\/index.php\/wp-json\/wp\/v2\/pages\/35\/revisions"}],"predecessor-version":[{"id":1357,"href":"https:\/\/laboiteaje.fr\/index.php\/wp-json\/wp\/v2\/pages\/35\/revisions\/1357"}],"wp:featuredmedia":[{"embeddable":true,"href":"https:\/\/laboiteaje.fr\/index.php\/wp-json\/wp\/v2\/media\/340"}],"wp:attachment":[{"href":"https:\/\/laboiteaje.fr\/index.php\/wp-json\/wp\/v2\/media?parent=35"}],"curies":[{"name":"wp","href":"https:\/\/api.w.org\/{rel}","templated":true}]}}