{"id":37,"date":"2018-01-02T20:21:06","date_gmt":"2018-01-02T19:21:06","guid":{"rendered":"http:\/\/laboiteaje.fr\/?page_id=37"},"modified":"2023-07-04T18:01:46","modified_gmt":"2023-07-04T16:01:46","slug":"bilan-potentiels-potentialis-orientation","status":"publish","type":"page","link":"https:\/\/laboiteaje.fr\/index.php\/bilan-potentiels-potentialis-orientation\/","title":{"rendered":"Boostez votre \u00e9volution professionnelle"},"content":{"rendered":"\n<figure class=\"wp-block-image size-large is-style-default\"><img loading=\"lazy\" decoding=\"async\" width=\"724\" height=\"1024\" src=\"http:\/\/laboiteaje.fr\/wp-content\/uploads\/2021\/04\/Bilan-de-Potentiels-et-Competences-724x1024.png\" alt=\"\" class=\"wp-image-645\" srcset=\"https:\/\/laboiteaje.fr\/wp-content\/uploads\/2021\/04\/Bilan-de-Potentiels-et-Competences-724x1024.png 724w, https:\/\/laboiteaje.fr\/wp-content\/uploads\/2021\/04\/Bilan-de-Potentiels-et-Competences-212x300.png 212w, https:\/\/laboiteaje.fr\/wp-content\/uploads\/2021\/04\/Bilan-de-Potentiels-et-Competences-768x1086.png 768w, https:\/\/laboiteaje.fr\/wp-content\/uploads\/2021\/04\/Bilan-de-Potentiels-et-Competences-1086x1536.png 1086w, https:\/\/laboiteaje.fr\/wp-content\/uploads\/2021\/04\/Bilan-de-Potentiels-et-Competences.png 1414w\" sizes=\"auto, (max-width: 724px) 100vw, 724px\" \/><\/figure>\n\n\n<p><span style=\"color: #333333;\">C&rsquo;est un accompagnement de 24 heures qui vous invite \u00e0 \u00a0regarder au-del\u00e0 de ce qu&rsquo;il y a \u00e0 voir, entendre ce qui n&rsquo;est pas forc\u00e9ment dit et \u00e0 (re)d\u00e9couvrir vos talents.<\/span><\/p>\n<p><span style=\"color: #333333;\">Les outils utilis\u00e9s sont issus de mes formations universitaires en RH et en Neuropsychologie, de mes cursus en d\u00e9veloppement personnel, de mon parcours <em>CNV<\/em> et de mon exp\u00e9rience de Consultante en \u00e9volution Professionnelle.<\/span><\/p>\n<p>Vous souhaitez r\u00e9aliser un bilan de comp\u00e9tences en sollicitant vos droits acquis au titre du CPF ? L&rsquo;application Mon Compte Formation ou le site internet moncompteformation.gouv.fr vous permet de conna\u00eetre le montant de votre CPF.<\/p>\n<p><span style=\"color: #333333;\">Pour plus d&rsquo;informations, contactez-moi au 06 66 53 28 87 et par mail juliette(at)laboiteaje.fr<\/span><\/p>\n\n\n<figure class=\"wp-block-image size-large\"><img loading=\"lazy\" decoding=\"async\" width=\"1024\" height=\"726\" src=\"http:\/\/laboiteaje.fr\/wp-content\/uploads\/2021\/01\/2022-Parcours-2-edited-1024x726.jpg\" alt=\"\" class=\"wp-image-604\" srcset=\"https:\/\/laboiteaje.fr\/wp-content\/uploads\/2021\/01\/2022-Parcours-2-edited-1024x726.jpg 1024w, https:\/\/laboiteaje.fr\/wp-content\/uploads\/2021\/01\/2022-Parcours-2-edited-300x213.jpg 300w, https:\/\/laboiteaje.fr\/wp-content\/uploads\/2021\/01\/2022-Parcours-2-edited-768x545.jpg 768w, https:\/\/laboiteaje.fr\/wp-content\/uploads\/2021\/01\/2022-Parcours-2-edited.jpg 1165w\" sizes=\"auto, (max-width: 767px) 89vw, (max-width: 1000px) 54vw, (max-width: 1071px) 543px, 580px\" \/><\/figure>\n\n\n\n<p><\/p>\n","protected":false},"excerpt":{"rendered":"<p>C&rsquo;est un accompagnement de 24 heures qui vous invite \u00e0 \u00a0regarder au-del\u00e0 de ce qu&rsquo;il y a \u00e0 voir, entendre ce qui n&rsquo;est pas forc\u00e9ment dit et \u00e0 (re)d\u00e9couvrir vos talents. Les outils utilis\u00e9s sont issus de mes formations universitaires en RH et en Neuropsychologie, de mes cursus en d\u00e9veloppement personnel, de mon parcours CNV &hellip; <\/p>\n<p class=\"link-more\"><a href=\"https:\/\/laboiteaje.fr\/index.php\/bilan-potentiels-potentialis-orientation\/\" class=\"more-link\">Continuer la lecture<span class=\"screen-reader-text\"> de &laquo;&nbsp;Boostez votre \u00e9volution professionnelle&nbsp;&raquo;<\/span><\/a><\/p>\n","protected":false},"author":1,"featured_media":169,"parent":0,"menu_order":0,"comment_status":"closed","ping_status":"closed","template":"","meta":{"footnotes":""},"class_list":["post-37","page","type-page","status-publish","has-post-thumbnail","hentry"],"_links":{"self":[{"href":"https:\/\/laboiteaje.fr\/index.php\/wp-json\/wp\/v2\/pages\/37","targetHints":{"allow":["GET"]}}],"collection":[{"href":"https:\/\/laboiteaje.fr\/index.php\/wp-json\/wp\/v2\/pages"}],"about":[{"href":"https:\/\/laboiteaje.fr\/index.php\/wp-json\/wp\/v2\/types\/page"}],"author":[{"embeddable":true,"href":"https:\/\/laboiteaje.fr\/index.php\/wp-json\/wp\/v2\/users\/1"}],"replies":[{"embeddable":true,"href":"https:\/\/laboiteaje.fr\/index.php\/wp-json\/wp\/v2\/comments?post=37"}],"version-history":[{"count":24,"href":"https:\/\/laboiteaje.fr\/index.php\/wp-json\/wp\/v2\/pages\/37\/revisions"}],"predecessor-version":[{"id":850,"href":"https:\/\/laboiteaje.fr\/index.php\/wp-json\/wp\/v2\/pages\/37\/revisions\/850"}],"wp:featuredmedia":[{"embeddable":true,"href":"https:\/\/laboiteaje.fr\/index.php\/wp-json\/wp\/v2\/media\/169"}],"wp:attachment":[{"href":"https:\/\/laboiteaje.fr\/index.php\/wp-json\/wp\/v2\/media?parent=37"}],"curies":[{"name":"wp","href":"https:\/\/api.w.org\/{rel}","templated":true}]}}