{"id":651,"date":"2021-07-14T16:10:44","date_gmt":"2021-07-14T14:10:44","guid":{"rendered":"http:\/\/laboiteaje.fr\/?page_id=651"},"modified":"2026-03-30T11:21:30","modified_gmt":"2026-03-30T09:21:30","slug":"atelier-philo","status":"publish","type":"page","link":"https:\/\/laboiteaje.fr\/index.php\/atelier-philo\/","title":{"rendered":"Atelier Philo"},"content":{"rendered":"\n<blockquote class=\"wp-block-quote is-layout-flow wp-block-quote-is-layout-flow\">\n<p>ou comment offrir un \u201coasis de pens\u00e9e\u201d (H.Arendt)<\/p>\n<\/blockquote>\n\n\n<div class=\"wp-block-image is-style-rounded\">\n<figure class=\"aligncenter size-full is-resized\"><img loading=\"lazy\" decoding=\"async\" width=\"1587\" height=\"2245\" src=\"http:\/\/laboiteaje.fr\/wp-content\/uploads\/2023\/01\/Atelier-philo-2023.png\" alt=\"\" class=\"wp-image-741\" style=\"width:397px;height:561px\" srcset=\"https:\/\/laboiteaje.fr\/wp-content\/uploads\/2023\/01\/Atelier-philo-2023.png 1587w, https:\/\/laboiteaje.fr\/wp-content\/uploads\/2023\/01\/Atelier-philo-2023-212x300.png 212w, https:\/\/laboiteaje.fr\/wp-content\/uploads\/2023\/01\/Atelier-philo-2023-724x1024.png 724w, https:\/\/laboiteaje.fr\/wp-content\/uploads\/2023\/01\/Atelier-philo-2023-768x1086.png 768w, https:\/\/laboiteaje.fr\/wp-content\/uploads\/2023\/01\/Atelier-philo-2023-1086x1536.png 1086w, https:\/\/laboiteaje.fr\/wp-content\/uploads\/2023\/01\/Atelier-philo-2023-1448x2048.png 1448w\" sizes=\"auto, (max-width: 767px) 89vw, (max-width: 1000px) 54vw, (max-width: 1071px) 543px, 580px\" \/><\/figure><\/div>\n\n\n<p>Envie en ce printemps 2026 de proposer un espace de discussion sur les grands sujets de l\u2019existence et de la soci\u00e9t\u00e9 ?<\/p>\n\n\n\n<p>Envie en ce printemps 2026 de donner \u00e0 vivre dans la bienveillance et la bonne humeur : la discussion et le partage, la pratique du discernement, l\u2019acquisition d&rsquo;une meilleure compr\u00e9hension du monde, le d\u00e9veloppement de l&rsquo;autonomie et du libre-arbitre ?<\/p>\n\n\n\n<p>Form\u00e9e \u00e0 l&rsquo;animation d&rsquo;Atelier \u00e0 Vis\u00e9e Philosophique par l&rsquo;association SEVE,  la Bo\u00eete \u00e0 Je propose des temps d&rsquo;animation en partant d\u2019un support artistique et\/ou ludique (contes, jeux, textes, peintures, chansons, vid\u00e9os\u2026), dans l&rsquo;intention d&rsquo;aborder des th\u00e8mes vari\u00e9s comme le sens de la vie, la solidarit\u00e9, l\u2019amiti\u00e9, la diff\u00e9rence, l\u2019altruisme, les pr\u00e9jug\u00e9s\u2026 <\/p>\n\n\n\n<p>Ces ateliers permettent \u00e0 chacun d\u2019apprendre \u00e0 formuler une id\u00e9e-l\u2019argumenter-\u00e9couter celle de l\u2019autre, mais aussi de pratiquer le discernement, et bien d&rsquo;autres  formes de Savoir \u00catre.<\/p>\n\n\n\n<p><mark style=\"background-color:rgba(0, 0, 0, 0);color:#5e5e5e\" class=\"has-inline-color\">\u00ab\u00a0<em>Il ne s&rsquo;agit pas d&rsquo;\u00e9chafauder de grands syst\u00e8mes ou d&rsquo;\u00e9tudier ceux des grands auteurs de l&rsquo;histoire de la philosophie, mais plut\u00f4t de pratiquer des exercices r\u00e9guliers au moyen du langage afin de cultiver la sant\u00e9 de notre esprit, tout comme certains pratiquent des exercices physiques r\u00e9guliers afin de cultiver la sant\u00e9 de leur corps.<\/em>\u00ab\u00a0<\/mark><\/p>\n\n\n\n<p><mark style=\"background-color:rgba(0, 0, 0, 0)\" class=\"has-inline-color has-cyan-bluish-gray-color\">Laurence Bouchet, <em>Philosopher pour se retrouver<\/em>, Marabout \u00a9 2014, pp.&nbsp;199 et 200.<\/mark><\/p>\n\n\n<div class=\"wp-block-image is-style-rounded\">\n<figure class=\"aligncenter size-medium\"><img loading=\"lazy\" decoding=\"async\" width=\"300\" height=\"300\" src=\"http:\/\/laboiteaje.fr\/wp-content\/uploads\/2021\/07\/IMG_6502-300x300.jpg\" alt=\"\" class=\"wp-image-665\" srcset=\"https:\/\/laboiteaje.fr\/wp-content\/uploads\/2021\/07\/IMG_6502-300x300.jpg 300w, https:\/\/laboiteaje.fr\/wp-content\/uploads\/2021\/07\/IMG_6502-1024x1024.jpg 1024w, https:\/\/laboiteaje.fr\/wp-content\/uploads\/2021\/07\/IMG_6502-150x150.jpg 150w, https:\/\/laboiteaje.fr\/wp-content\/uploads\/2021\/07\/IMG_6502-768x768.jpg 768w, https:\/\/laboiteaje.fr\/wp-content\/uploads\/2021\/07\/IMG_6502-1536x1536.jpg 1536w, https:\/\/laboiteaje.fr\/wp-content\/uploads\/2021\/07\/IMG_6502-100x100.jpg 100w, https:\/\/laboiteaje.fr\/wp-content\/uploads\/2021\/07\/IMG_6502.jpg 1799w\" sizes=\"auto, (max-width: 300px) 100vw, 300px\" \/><figcaption class=\"wp-element-caption\">Animation Printemps 2021<\/figcaption><\/figure><\/div>\n\n\n<p class=\"has-text-align-right\" style=\"font-size:12px\"><\/p>\n\n\n\n<p>Le tarif d&rsquo;un atelier est communiqu\u00e9 sur devis personnalis\u00e9.<\/p>\n\n\n\n<p>Contactez-moi pour en savoir plus.<\/p>\n\n\n\n<figure class=\"wp-block-image size-large\"><img loading=\"lazy\" decoding=\"async\" width=\"1024\" height=\"726\" src=\"http:\/\/laboiteaje.fr\/wp-content\/uploads\/2021\/01\/2022-Parcours-2-edited-1024x726.jpg\" alt=\"\" class=\"wp-image-604\" srcset=\"https:\/\/laboiteaje.fr\/wp-content\/uploads\/2021\/01\/2022-Parcours-2-edited-1024x726.jpg 1024w, https:\/\/laboiteaje.fr\/wp-content\/uploads\/2021\/01\/2022-Parcours-2-edited-300x213.jpg 300w, https:\/\/laboiteaje.fr\/wp-content\/uploads\/2021\/01\/2022-Parcours-2-edited-768x545.jpg 768w, https:\/\/laboiteaje.fr\/wp-content\/uploads\/2021\/01\/2022-Parcours-2-edited.jpg 1165w\" sizes=\"auto, (max-width: 767px) 89vw, (max-width: 1000px) 54vw, (max-width: 1071px) 543px, 580px\" \/><\/figure>\n","protected":false},"excerpt":{"rendered":"<p>ou comment offrir un \u201coasis de pens\u00e9e\u201d (H.Arendt) Envie en ce printemps 2026 de proposer un espace de discussion sur les grands sujets de l\u2019existence et de la soci\u00e9t\u00e9 ? Envie en ce printemps 2026 de donner \u00e0 vivre dans la bienveillance et la bonne humeur : la discussion et le partage, la pratique du &hellip; <\/p>\n<p class=\"link-more\"><a href=\"https:\/\/laboiteaje.fr\/index.php\/atelier-philo\/\" class=\"more-link\">Continuer la lecture<span class=\"screen-reader-text\"> de &laquo;&nbsp;Atelier Philo&nbsp;&raquo;<\/span><\/a><\/p>\n","protected":false},"author":1,"featured_media":0,"parent":0,"menu_order":0,"comment_status":"closed","ping_status":"closed","template":"","meta":{"footnotes":""},"class_list":["post-651","page","type-page","status-publish","hentry"],"_links":{"self":[{"href":"https:\/\/laboiteaje.fr\/index.php\/wp-json\/wp\/v2\/pages\/651","targetHints":{"allow":["GET"]}}],"collection":[{"href":"https:\/\/laboiteaje.fr\/index.php\/wp-json\/wp\/v2\/pages"}],"about":[{"href":"https:\/\/laboiteaje.fr\/index.php\/wp-json\/wp\/v2\/types\/page"}],"author":[{"embeddable":true,"href":"https:\/\/laboiteaje.fr\/index.php\/wp-json\/wp\/v2\/users\/1"}],"replies":[{"embeddable":true,"href":"https:\/\/laboiteaje.fr\/index.php\/wp-json\/wp\/v2\/comments?post=651"}],"version-history":[{"count":14,"href":"https:\/\/laboiteaje.fr\/index.php\/wp-json\/wp\/v2\/pages\/651\/revisions"}],"predecessor-version":[{"id":1354,"href":"https:\/\/laboiteaje.fr\/index.php\/wp-json\/wp\/v2\/pages\/651\/revisions\/1354"}],"wp:attachment":[{"href":"https:\/\/laboiteaje.fr\/index.php\/wp-json\/wp\/v2\/media?parent=651"}],"curies":[{"name":"wp","href":"https:\/\/api.w.org\/{rel}","templated":true}]}}