{"id":787,"date":"2023-07-04T15:48:23","date_gmt":"2023-07-04T13:48:23","guid":{"rendered":"http:\/\/laboiteaje.fr\/?page_id=787"},"modified":"2026-03-30T11:50:34","modified_gmt":"2026-03-30T09:50:34","slug":"domaines-dexpertise","status":"publish","type":"page","link":"https:\/\/laboiteaje.fr\/index.php\/domaines-dexpertise\/","title":{"rendered":"BILAN  DE COMP\u00c9TENCES"},"content":{"rendered":"\n<p><\/p>\n\n\n\n<figure class=\"wp-block-image size-large\"><img loading=\"lazy\" decoding=\"async\" width=\"1024\" height=\"724\" src=\"http:\/\/laboiteaje.fr\/wp-content\/uploads\/2023\/07\/Decouvrez-mes-potentiels-avec-la-BAJ-1024x724.png\" alt=\"\" class=\"wp-image-829\" srcset=\"https:\/\/laboiteaje.fr\/wp-content\/uploads\/2023\/07\/Decouvrez-mes-potentiels-avec-la-BAJ-1024x724.png 1024w, https:\/\/laboiteaje.fr\/wp-content\/uploads\/2023\/07\/Decouvrez-mes-potentiels-avec-la-BAJ-300x212.png 300w, https:\/\/laboiteaje.fr\/wp-content\/uploads\/2023\/07\/Decouvrez-mes-potentiels-avec-la-BAJ-768x543.png 768w, https:\/\/laboiteaje.fr\/wp-content\/uploads\/2023\/07\/Decouvrez-mes-potentiels-avec-la-BAJ.png 1486w\" sizes=\"auto, (max-width: 767px) 89vw, (max-width: 1000px) 54vw, (max-width: 1071px) 543px, 580px\" \/><\/figure>\n\n\n\n<h2 class=\"wp-block-heading\"><strong>\ud83c\udf1f Bilan de Comp\u00e9tences avec La Bo\u00eete \u00e0 Je \ud83c\udf1f<\/strong><\/h2>\n\n\n\n<p><strong>En ce printemps 2026, partez \u00e0 la rencontre de votre projet de vie du moment.<\/strong><br>Se reconnecter \u00e0 ses aspirations, identifier ses talents et comprendre o\u00f9 mettre son \u00e9nergie, c\u2019est avancer vers un style de vie professionnel, d&rsquo;apprenant ou personnel align\u00e9 avec qui vous \u00eates.<\/p>\n\n\n\n<p>Avec <strong>La Bo\u00eete \u00e0 Je<\/strong>, explorez vos potentiels et comp\u00e9tences sous un format adapt\u00e9 \u00e0 votre besoin :<br><strong>\ud83d\ude80<\/strong> <strong>Un format court pour un premier \u00e9clairage rapide<\/strong> &#8211; <a href=\"https:\/\/www.moncompteformation.gouv.fr\/espace-prive\/html\/#\/formation\/recherche\/83304200500011_BOOST\/83304200500011_BOOST?contexteFormation=ACTIVITE_PROFESSIONNELLE\" data-type=\"link\" data-id=\"https:\/\/www.moncompteformation.gouv.fr\/espace-prive\/html\/#\/formation\/recherche\/83304200500011_BOOST\/83304200500011_BOOST?contexteFormation=ACTIVITE_PROFESSIONNELLE\">Eligible CPF &#8211; Cliquez ici<\/a><br>\ud83d\udd0e <strong>Un format interm\u00e9diaire pour structurer une transition<\/strong> &#8211; <a href=\"https:\/\/www.moncompteformation.gouv.fr\/espace-prive\/html\/#\/formation\/recherche\/83304200500011_DISCER\/83304200500011_DISCE?contexteFormation=ACTIVITE_PROFESSIONNELLE\" data-type=\"link\" data-id=\"https:\/\/www.moncompteformation.gouv.fr\/espace-prive\/html\/#\/formation\/recherche\/83304200500011_DISCER\/83304200500011_DISCE?contexteFormation=ACTIVITE_PROFESSIONNELLE\">Eligible CPF &#8211; Cliquez ici<\/a><br>\ud83c\udf0d <strong>Un format approfondi pour construire un projet solide<\/strong> &#8211; <a href=\"https:\/\/www.moncompteformation.gouv.fr\/espace-prive\/html\/#\/formation\/recherche\/83304200500011_PANO\/83304200500011_PANO?contexteFormation=ACTIVITE_PROFESSIONNELLE\" data-type=\"link\" data-id=\"https:\/\/www.moncompteformation.gouv.fr\/espace-prive\/html\/#\/formation\/recherche\/83304200500011_PANO\/83304200500011_PANO?contexteFormation=ACTIVITE_PROFESSIONNELLE\">Eligible CPF &#8211; Cliquez ici<\/a><\/p>\n\n\n\n<h3 class=\"wp-block-heading\"><strong>\ud83d\udd0e Quel format de bilan vous correspond ?<\/strong><\/h3>\n\n\n\n<figure class=\"wp-block-image size-large is-resized\"><img loading=\"lazy\" decoding=\"async\" width=\"1024\" height=\"355\" src=\"https:\/\/laboiteaje.fr\/wp-content\/uploads\/2026\/03\/Capture_d_ecran_11_03_2026_17_02-1024x355.png\" alt=\"\" class=\"wp-image-1359\" style=\"width:674px;height:auto\" srcset=\"https:\/\/laboiteaje.fr\/wp-content\/uploads\/2026\/03\/Capture_d_ecran_11_03_2026_17_02-1024x355.png 1024w, https:\/\/laboiteaje.fr\/wp-content\/uploads\/2026\/03\/Capture_d_ecran_11_03_2026_17_02-300x104.png 300w, https:\/\/laboiteaje.fr\/wp-content\/uploads\/2026\/03\/Capture_d_ecran_11_03_2026_17_02-768x266.png 768w, https:\/\/laboiteaje.fr\/wp-content\/uploads\/2026\/03\/Capture_d_ecran_11_03_2026_17_02.png 1222w\" sizes=\"auto, (max-width: 767px) 89vw, (max-width: 1000px) 54vw, (max-width: 1071px) 543px, 580px\" \/><\/figure>\n\n\n\n<p>\u2728 <strong>Les trois formats respectent <\/strong><a href=\"https:\/\/laboiteaje.fr\/index.php\/les-trois-etapes\/\" target=\"_blank\" rel=\"noreferrer noopener\"><strong>les 3 \u00e9tapes cl\u00e9s du bilan de comp\u00e9tences<\/strong> :<\/a><br>1\ufe0f\u20e3 <strong>Phase pr\u00e9liminaire<\/strong> : Clarification des attentes et objectifs<br>2\ufe0f\u20e3 <strong>Phase d\u2019investigation<\/strong> : Analyse des comp\u00e9tences, tests et exploration des options<br>3\ufe0f\u20e3 <strong>Phase de conclusion<\/strong> : Structuration d\u2019un plan d\u2019action et mise en mouvement<\/p>\n\n\n\n<p>\ud83d\udcc4 <strong>En savoir plus :<\/strong><\/p>\n\n\n\n<ul class=\"wp-block-list\">\n<li><a href=\"http:\/\/laboiteaje.fr\/wp-content\/uploads\/2026\/03\/Programme-BC-BAJ-2026.pdf\">Pr\u00e9sentation des Bilans de Comp\u00e9tences 2026<\/a> propos\u00e9s par la Bo\u00eete \u00e0 Je<\/li>\n\n\n\n<li><a href=\"http:\/\/laboiteaje.fr\/wp-content\/uploads\/2026\/03\/Indicateur-1-Modalites-et-Delais-dAcces-Bilan-de-competences.docx.pdf\">Modalit\u00e9s et d\u00e9lais d\u2019acc\u00e8<\/a>s<\/li>\n\n\n\n<li><a href=\"http:\/\/laboiteaje.fr\/wp-content\/uploads\/2026\/03\/Indicateur-9-Engagements-deontologiques-.docx.pdf\">Charte de d\u00e9ontologie<\/a> | <a href=\"http:\/\/laboiteaje.fr\/wp-content\/uploads\/2024\/11\/Cadre-legislatif-et-reglementaire-Bilan-de-Competences-La-Boite-a-Je.pdf\" target=\"_blank\" rel=\"noreferrer noopener\">Cadre r\u00e9glementaire<\/a><\/li>\n<\/ul>\n\n\n\n<p>\ud83d\udce9 <strong>Une question ? Un projet ?<\/strong> <strong>Une demande de programme ?<\/strong> <\/p>\n\n\n\n<p>Contactez-moi \u00e0 <strong><a>juliette@laboiteaje.fr<\/a><\/strong> ou au <strong>06 66 53 28 87<\/strong><\/p>\n\n\n\n<p><\/p>\n","protected":false},"excerpt":{"rendered":"<p>\ud83c\udf1f Bilan de Comp\u00e9tences avec La Bo\u00eete \u00e0 Je \ud83c\udf1f En ce printemps 2026, partez \u00e0 la rencontre de votre projet de vie du moment.Se reconnecter \u00e0 ses aspirations, identifier ses talents et comprendre o\u00f9 mettre son \u00e9nergie, c\u2019est avancer vers un style de vie professionnel, d&rsquo;apprenant ou personnel align\u00e9 avec qui vous \u00eates. Avec &hellip; <\/p>\n<p class=\"link-more\"><a href=\"https:\/\/laboiteaje.fr\/index.php\/domaines-dexpertise\/\" class=\"more-link\">Continuer la lecture<span class=\"screen-reader-text\"> de &laquo;&nbsp;BILAN  DE COMP\u00c9TENCES&nbsp;&raquo;<\/span><\/a><\/p>\n","protected":false},"author":1,"featured_media":0,"parent":0,"menu_order":0,"comment_status":"closed","ping_status":"closed","template":"","meta":{"footnotes":""},"class_list":["post-787","page","type-page","status-publish","hentry"],"_links":{"self":[{"href":"https:\/\/laboiteaje.fr\/index.php\/wp-json\/wp\/v2\/pages\/787","targetHints":{"allow":["GET"]}}],"collection":[{"href":"https:\/\/laboiteaje.fr\/index.php\/wp-json\/wp\/v2\/pages"}],"about":[{"href":"https:\/\/laboiteaje.fr\/index.php\/wp-json\/wp\/v2\/types\/page"}],"author":[{"embeddable":true,"href":"https:\/\/laboiteaje.fr\/index.php\/wp-json\/wp\/v2\/users\/1"}],"replies":[{"embeddable":true,"href":"https:\/\/laboiteaje.fr\/index.php\/wp-json\/wp\/v2\/comments?post=787"}],"version-history":[{"count":47,"href":"https:\/\/laboiteaje.fr\/index.php\/wp-json\/wp\/v2\/pages\/787\/revisions"}],"predecessor-version":[{"id":1369,"href":"https:\/\/laboiteaje.fr\/index.php\/wp-json\/wp\/v2\/pages\/787\/revisions\/1369"}],"wp:attachment":[{"href":"https:\/\/laboiteaje.fr\/index.php\/wp-json\/wp\/v2\/media?parent=787"}],"curies":[{"name":"wp","href":"https:\/\/api.w.org\/{rel}","templated":true}]}}