{"id":790,"date":"2023-07-04T15:54:28","date_gmt":"2023-07-04T13:54:28","guid":{"rendered":"http:\/\/laboiteaje.fr\/?page_id=790"},"modified":"2026-03-30T11:22:31","modified_gmt":"2026-03-30T09:22:31","slug":"animation","status":"publish","type":"page","link":"https:\/\/laboiteaje.fr\/index.php\/animation\/","title":{"rendered":"ATELIERS"},"content":{"rendered":"\n<p><\/p>\n\n\n\n<figure class=\"wp-block-image size-large is-style-rounded\"><img fetchpriority=\"high\" decoding=\"async\" width=\"1024\" height=\"679\" src=\"http:\/\/laboiteaje.fr\/wp-content\/uploads\/2023\/07\/qvt-site-la-boite-a-je-1024x679.png\" alt=\"\" class=\"wp-image-804\" srcset=\"https:\/\/laboiteaje.fr\/wp-content\/uploads\/2023\/07\/qvt-site-la-boite-a-je-1024x679.png 1024w, https:\/\/laboiteaje.fr\/wp-content\/uploads\/2023\/07\/qvt-site-la-boite-a-je-300x199.png 300w, https:\/\/laboiteaje.fr\/wp-content\/uploads\/2023\/07\/qvt-site-la-boite-a-je-768x510.png 768w, https:\/\/laboiteaje.fr\/wp-content\/uploads\/2023\/07\/qvt-site-la-boite-a-je.png 1474w\" sizes=\"(max-width: 767px) 89vw, (max-width: 1000px) 54vw, (max-width: 1071px) 543px, 580px\" \/><\/figure>\n\n\n\n<p>En ce printemps 2026, instaurer des ateliers anim\u00e9s par la Bo\u00eete \u00e0 Je est une excellente id\u00e9e pour\u00a0<strong>am\u00e9liorer la qualit\u00e9 de vie au travail (QVT) de vos salari\u00e9s<\/strong> et <strong>la qualit\u00e9 de vie \u00e0 l&rsquo;\u00e9cole de vos \u00e9l\u00e8ves<\/strong>.<\/p>\n","protected":false},"excerpt":{"rendered":"<p>En ce printemps 2026, instaurer des ateliers anim\u00e9s par la Bo\u00eete \u00e0 Je est une excellente id\u00e9e pour\u00a0am\u00e9liorer la qualit\u00e9 de vie au travail (QVT) de vos salari\u00e9s et la qualit\u00e9 de vie \u00e0 l&rsquo;\u00e9cole de vos \u00e9l\u00e8ves.<\/p>\n","protected":false},"author":1,"featured_media":0,"parent":0,"menu_order":0,"comment_status":"closed","ping_status":"closed","template":"","meta":{"footnotes":""},"class_list":["post-790","page","type-page","status-publish","hentry"],"_links":{"self":[{"href":"https:\/\/laboiteaje.fr\/index.php\/wp-json\/wp\/v2\/pages\/790","targetHints":{"allow":["GET"]}}],"collection":[{"href":"https:\/\/laboiteaje.fr\/index.php\/wp-json\/wp\/v2\/pages"}],"about":[{"href":"https:\/\/laboiteaje.fr\/index.php\/wp-json\/wp\/v2\/types\/page"}],"author":[{"embeddable":true,"href":"https:\/\/laboiteaje.fr\/index.php\/wp-json\/wp\/v2\/users\/1"}],"replies":[{"embeddable":true,"href":"https:\/\/laboiteaje.fr\/index.php\/wp-json\/wp\/v2\/comments?post=790"}],"version-history":[{"count":4,"href":"https:\/\/laboiteaje.fr\/index.php\/wp-json\/wp\/v2\/pages\/790\/revisions"}],"predecessor-version":[{"id":1356,"href":"https:\/\/laboiteaje.fr\/index.php\/wp-json\/wp\/v2\/pages\/790\/revisions\/1356"}],"wp:attachment":[{"href":"https:\/\/laboiteaje.fr\/index.php\/wp-json\/wp\/v2\/media?parent=790"}],"curies":[{"name":"wp","href":"https:\/\/api.w.org\/{rel}","templated":true}]}}