{"id":799,"date":"2023-07-04T16:53:29","date_gmt":"2023-07-04T14:53:29","guid":{"rendered":"http:\/\/laboiteaje.fr\/?page_id=799"},"modified":"2023-07-04T16:54:51","modified_gmt":"2023-07-04T14:54:51","slug":"yoga-du-rire-2","status":"publish","type":"page","link":"https:\/\/laboiteaje.fr\/index.php\/yoga-du-rire-2\/","title":{"rendered":"YOGA DU RIRE"},"content":{"rendered":"\n<p>Au cours d&rsquo;un ou plusieurs ateliers de Yoga du Rire, prenez soin de votre sant\u00e9 physique &amp; mentale. <\/p>\n\n\n\n<p>Le concept est tr\u00e8s simple : rire intentionnellement et en groupe. <\/p>\n\n\n\n<p><a href=\"http:\/\/laboiteaje.fr\/wp-content\/uploads\/2019\/03\/Le-rire-agit-sur.png\" target=\"_blank\" rel=\"noreferrer noopener\" aria-label=\" (s\u2019ouvre dans un nouvel onglet)\">Quelques bienfaits du Rire&#8230;<\/a><\/p>\n\n\n\n<p>Tarif sur demande &#8211; Minimum 4 personnes &#8211; Dur\u00e9e 1 heure &#8211; de 18 \u00e0 88 ans.<br><\/p>\n\n\n\n<blockquote class=\"wp-block-quote is-layout-flow wp-block-quote-is-layout-flow\">\n<p><strong>En attendant de vous rencontrer,<\/strong><\/p>\n<\/blockquote>\n\n\n\n<p>Voici quelques liens pour prendre du temps pour soi et pourquoi pas quelques fous rires !!!<br><a class=\"\" href=\"https:\/\/youtu.be\/TwUpYHYeXXo\">https:\/\/youtu.be\/TwUpYHYeXXo<\/a>&nbsp;&#8211; D\u00e9tente de rires<br><a class=\"\" href=\"https:\/\/youtu.be\/AnZHxJ24DsA\">https:\/\/youtu.be\/AnZHxJ24DsA<\/a>&nbsp;&#8211; Bibi<br><a class=\"\" href=\"https:\/\/youtu.be\/-zCpsWn8On4\">https:\/\/youtu.be\/-zCpsWn8On4<\/a>&nbsp;&#8211; D\u00e9tente de rires<br><a class=\"\" href=\"https:\/\/youtu.be\/bt3BL9VPsJM\">https:\/\/youtu.be\/bt3BL9VPsJM<\/a>&nbsp;&#8211; D\u00e9tente de rires<\/p>\n\n\n\n<p>Pour en savoir plus :\u00a0<\/p>\n\n\n\n<p>Je vous invite \u00e0 me solliciter en m\u2019envoyant un mail \u00e0 &nbsp;juliette(at)laboiteaje.fr<br>Je vous contacterai pour convenir d\u2019un \u00e9change t\u00e9l\u00e9phonique, enti\u00e8rement gratuit, au cours duquel nous verrons ensemble de quelle(s) fa\u00e7on(s) je peux vous accompagner au mieux.<\/p>\n\n\n\n<p>\u00c0 tr\u00e8s bient\u00f4t !<\/p>\n\n\n\n<p>Juliette.<\/p>\n\n\n\n<figure class=\"wp-block-image\"><img loading=\"lazy\" decoding=\"async\" width=\"1024\" height=\"726\" src=\"http:\/\/laboiteaje.fr\/wp-content\/uploads\/2021\/01\/2022-Parcours-2-edited-1024x726.jpg\" alt=\"\" class=\"wp-image-604\" srcset=\"https:\/\/laboiteaje.fr\/wp-content\/uploads\/2021\/01\/2022-Parcours-2-edited-1024x726.jpg 1024w, https:\/\/laboiteaje.fr\/wp-content\/uploads\/2021\/01\/2022-Parcours-2-edited-300x213.jpg 300w, https:\/\/laboiteaje.fr\/wp-content\/uploads\/2021\/01\/2022-Parcours-2-edited-768x545.jpg 768w, https:\/\/laboiteaje.fr\/wp-content\/uploads\/2021\/01\/2022-Parcours-2-edited.jpg 1165w\" sizes=\"auto, (max-width: 767px) 89vw, (max-width: 1000px) 54vw, (max-width: 1071px) 543px, 580px\" \/><\/figure>\n","protected":false},"excerpt":{"rendered":"<p>Au cours d&rsquo;un ou plusieurs ateliers de Yoga du Rire, prenez soin de votre sant\u00e9 physique &amp; mentale. Le concept est tr\u00e8s simple : rire intentionnellement et en groupe. Quelques bienfaits du Rire&#8230; Tarif sur demande &#8211; Minimum 4 personnes &#8211; Dur\u00e9e 1 heure &#8211; de 18 \u00e0 88 ans. En attendant de vous rencontrer, &hellip; <\/p>\n<p class=\"link-more\"><a href=\"https:\/\/laboiteaje.fr\/index.php\/yoga-du-rire-2\/\" class=\"more-link\">Continuer la lecture<span class=\"screen-reader-text\"> de &laquo;&nbsp;YOGA DU RIRE&nbsp;&raquo;<\/span><\/a><\/p>\n","protected":false},"author":1,"featured_media":0,"parent":0,"menu_order":0,"comment_status":"closed","ping_status":"closed","template":"","meta":{"footnotes":""},"class_list":["post-799","page","type-page","status-publish","hentry"],"_links":{"self":[{"href":"https:\/\/laboiteaje.fr\/index.php\/wp-json\/wp\/v2\/pages\/799","targetHints":{"allow":["GET"]}}],"collection":[{"href":"https:\/\/laboiteaje.fr\/index.php\/wp-json\/wp\/v2\/pages"}],"about":[{"href":"https:\/\/laboiteaje.fr\/index.php\/wp-json\/wp\/v2\/types\/page"}],"author":[{"embeddable":true,"href":"https:\/\/laboiteaje.fr\/index.php\/wp-json\/wp\/v2\/users\/1"}],"replies":[{"embeddable":true,"href":"https:\/\/laboiteaje.fr\/index.php\/wp-json\/wp\/v2\/comments?post=799"}],"version-history":[{"count":2,"href":"https:\/\/laboiteaje.fr\/index.php\/wp-json\/wp\/v2\/pages\/799\/revisions"}],"predecessor-version":[{"id":801,"href":"https:\/\/laboiteaje.fr\/index.php\/wp-json\/wp\/v2\/pages\/799\/revisions\/801"}],"wp:attachment":[{"href":"https:\/\/laboiteaje.fr\/index.php\/wp-json\/wp\/v2\/media?parent=799"}],"curies":[{"name":"wp","href":"https:\/\/api.w.org\/{rel}","templated":true}]}}