{"id":8,"date":"2018-01-01T17:03:49","date_gmt":"2018-01-01T16:03:49","guid":{"rendered":"http:\/\/laboiteaje.fr\/?page_id=8"},"modified":"2026-03-13T12:33:39","modified_gmt":"2026-03-13T11:33:39","slug":"a-propos-de","status":"publish","type":"page","link":"https:\/\/laboiteaje.fr\/index.php\/a-propos-de\/","title":{"rendered":"\u00c0 propos de"},"content":{"rendered":"\n<div class=\"wp-block-media-text alignwide has-media-on-the-right is-stacked-on-mobile\"><div class=\"wp-block-media-text__content\">\n<p><img loading=\"lazy\" decoding=\"async\" width=\"150\" height=\"202\" class=\"wp-image-770\" style=\"width: 150px;\" src=\"http:\/\/laboiteaje.fr\/wp-content\/uploads\/2023\/05\/photo-juliette-printemps-2023.png\" alt=\"\" srcset=\"https:\/\/laboiteaje.fr\/wp-content\/uploads\/2023\/05\/photo-juliette-printemps-2023.png 904w, https:\/\/laboiteaje.fr\/wp-content\/uploads\/2023\/05\/photo-juliette-printemps-2023-223x300.png 223w, https:\/\/laboiteaje.fr\/wp-content\/uploads\/2023\/05\/photo-juliette-printemps-2023-760x1024.png 760w, https:\/\/laboiteaje.fr\/wp-content\/uploads\/2023\/05\/photo-juliette-printemps-2023-768x1035.png 768w\" sizes=\"auto, (max-width: 150px) 100vw, 150px\" \/><\/p>\n<\/div><figure class=\"wp-block-media-text__media\"><img loading=\"lazy\" decoding=\"async\" width=\"932\" height=\"240\" src=\"http:\/\/laboiteaje.fr\/wp-content\/uploads\/2021\/01\/2021-juliette-bertier.jpg\" alt=\"\" class=\"wp-image-639 size-full\" srcset=\"https:\/\/laboiteaje.fr\/wp-content\/uploads\/2021\/01\/2021-juliette-bertier.jpg 932w, https:\/\/laboiteaje.fr\/wp-content\/uploads\/2021\/01\/2021-juliette-bertier-300x77.jpg 300w, https:\/\/laboiteaje.fr\/wp-content\/uploads\/2021\/01\/2021-juliette-bertier-768x198.jpg 768w\" sizes=\"auto, (max-width: 767px) 89vw, (max-width: 1000px) 54vw, (max-width: 1071px) 543px, 580px\" \/><\/figure><\/div>\n\n\n\n<p><\/p>\n\n\n\n<h2 class=\"wp-block-heading\">\u2728 Un parcours d\u00e9di\u00e9 \u00e0 l\u2019accompagnement et \u00e0 l\u2019\u00e9veil des potentiels<\/h2>\n\n\n\n<p>Apr\u00e8s plusieurs ann\u00e9es aupr\u00e8s de publics aux <strong>Besoins \u00c9ducatifs Particuliers<\/strong>, j\u2019ai cr\u00e9\u00e9 <strong>La Bo\u00eete \u00e0 Je<\/strong> pour offrir un <strong>espace d\u2019exploration et d\u2019accompagnement<\/strong>, o\u00f9 chacun.e peut <strong>r\u00e9v\u00e9ler et d\u00e9ployer ses richesses int\u00e9rieures<\/strong>.<\/p>\n\n\n\n<p>\ud83c\udf00 <strong>Mon fil conducteur<\/strong> : permettre \u00e0 chacun.e de tracer son propre chemin avec <strong>respect, justesse et alignement<\/strong>.<\/p>\n\n\n\n<h2 class=\"wp-block-heading\">\ud83c\udf3f <strong>Mon approche<\/strong><\/h2>\n\n\n\n<p>J\u2019inscris ma pratique dans les <strong>neurosciences, la psychologie positive et la psychologie de la pertinence<\/strong>, en m\u2019inspirant des travaux de <strong>Sir Ken Robinson, Rebecca Shankland, Carl Rogers, Joanna Smith,  Marshall Rosenberg, Bren\u00e9e Brown, Christophe Andr\u00e9, Linda Tha\u00ef, Alexandre Jollien, Deb Dana, Dr Porges, Ilios Kotsou, Dina Scherrer, Thomas d\u2019Ansembourg, Thierry Tournebise\u2026<\/strong><\/p>\n\n\n\n<h2 class=\"wp-block-heading\">\ud83c\udf93 <strong>Dipl\u00f4mes &amp; Certifications<\/strong><\/h2>\n\n\n\n<h3 class=\"wp-block-heading\"><strong>\ud83d\udcda Dipl\u00f4mes universitaires<\/strong><\/h3>\n\n\n\n<ul class=\"wp-block-list\">\n<li><strong>M2<\/strong> Organisation et Gestion des Flux<\/li>\n\n\n\n<li><strong>M1<\/strong> Ressources Humaines<\/li>\n\n\n\n<li><strong>DU<\/strong> Neuropsychologie, P\u00e9dagogie et \u00c9ducation<\/li>\n<\/ul>\n\n\n\n<h3 class=\"wp-block-heading\"><strong>\ud83c\udfc6 Certifications<\/strong><\/h3>\n\n\n\n<p>\ud83d\udd39 <strong>M\u00e9thode Potentialis\u00ae<\/strong> (Exploration et valorisation des potentiels)<br>\ud83d\udd39 <strong><strong>Intelligence Relationnelle\u00ae<\/strong><\/strong> (M\u00e9thode th\u00e9rapeutique de la TPV en lien avec la m\u00e9tacognition )<br>\ud83d\udd39 <strong>Ma\u00efeusth\u00e9sie\u00ae<\/strong> (\u00c9coute th\u00e9rapeutique non intrusive et bienveillante)<br>\ud83d\udd39 <strong>R\u00eave du Dragon\u00ae<\/strong> (Niveau I &amp; II ) \u2013 Cr\u00e9ation de projets align\u00e9s<br>\ud83d\udd39 <strong>Arbre de Vie\u00ae<\/strong> \u2013 Coaching narratif et valorisation des ressources<br>\ud83d\udd39 <strong>Chemin de Vie\u00ae<\/strong> \u2013 Approche symbolique et introspective<br>\ud83d\udd39 <strong>\u00c9coute bienveillante (CNV &amp; Ma\u00efeusth\u00e9sie)<\/strong> \u2013 Accueil et clarification<br>\ud83d\udd39 <strong>Yoga du Rire\u00ae<\/strong> \u2013 Bien-\u00eatre et r\u00e9gulation \u00e9motionnelle<br>\ud83d\udd39 <strong>Th\u00e9rapie \u00e9nerg\u00e9tique<\/strong> \u2013 Relaxation et r\u00e9\u00e9quilibrage<br>\ud83d\udd39 <strong>Ateliers philo &amp; attention (SEVE)<\/strong> \u2013 Transmission et r\u00e9flexion<br>\ud83d\udd39 <strong>R\u00e9gulation du syst\u00e8me nerveux &amp; pratiques somatiques<\/strong> \u2013 R\u00e9gulation \u00e9motionnelle<\/p>\n\n\n\n<p>\ud83d\udccc <strong>En 2026<\/strong>, je poursuis ma formation en <strong>Intelligence Relationnelle\u00ae (Fran\u00e7ois Ledoze)<\/strong>, une approche issue de la neurobiologie permettant d\u2019int\u00e9grer <strong>trauma, r\u00e9gulation \u00e9motionnelle et dissociation<\/strong> et ma formation en <strong>TPV\u00ae <\/strong>(Th\u00e9orie Polyvagale)<\/p>\n\n\n\n<h2 class=\"wp-block-heading\">\ud83c\udf31 <strong>Mon engagement : Une approche int\u00e9grative et vivante<\/strong><\/h2>\n\n\n\n<p>Les consultations, ateliers et formations que je propose sont le fruit de <strong>mon cheminement personnel et professionnel<\/strong>, nourri par <strong>des rencontres, des exp\u00e9riences et un profond respect de l\u2019unicit\u00e9 de chacun.e<\/strong>.<\/p>\n\n\n\n<p>\ud83d\udca1 <strong>Ma posture d\u2019accompagnement repose sur :<\/strong><br>\u2714 <strong>Une \u00e9coute ajust\u00e9e<\/strong>, accueillant la parole sans intrusion<br>\u2714 <strong>Une mise en lumi\u00e8re des potentiels<\/strong>, pour que chacun.e trouve sa voie<br>\u2714 <strong>Une approche m\u00ealant neurosciences, psychologie et transmission<\/strong>, dans une d\u00e9marche humaniste et cr\u00e9ative<\/p>\n\n\n\n<p>\ud83d\udccc <strong>La Bo\u00eete \u00e0 Je<\/strong> dispose d\u2019un <strong>Num\u00e9ro de D\u00e9claration d\u2019Activit\u00e9 (NDA)<\/strong> pour ses actions de formation.<\/p>\n\n\n\n<h2 class=\"wp-block-heading\">\ud83c\udf1f <strong>Univers &amp; Collaborations<\/strong><\/h2>\n\n\n\n<p>Parce que l\u2019accompagnement est une <strong>aventure collective<\/strong>, voici les <strong>personnes et collectifs qui m\u2019inspirent et avec qui je collabore<\/strong> :<\/p>\n\n\n\n<p>\u2728 <strong>Lib\u00e9rales-Workers<\/strong> (co-cr\u00e9ations) : Brigitte Bernadet, Vanessa Grangeon, Isabelle Lutz, Cathy Malaussena, <a href=\"https:\/\/christelle-picault.fr\/\" data-type=\"link\" data-id=\"https:\/\/christelle-picault.fr\/\">Christelle Picault<\/a>, Isabelle Tettamanti\u2026<br>\u2728 <strong>Potential-Workers<\/strong> (\u00e9changes) : Marie-Ren\u00e9e Rollet<br>\u2728 <strong>CNV &amp; \u00c9coute Empathique<\/strong> : Fran\u00e7oise Keller, Line Sandrini, Promo 2017 CNV Pro\u2026<br>\u2728 <strong>\u00c9coute th\u00e9rapeutique<\/strong> : H\u00e9l\u00e8ne Zagala, C\u00e9line Perron, Thierry Tournebise\u2026<br>\u2728 <strong>Yoga du Rire<\/strong> : Nathalie Vallet, Observatoire du Yoga du Rire<br>\u2728 <strong>Ateliers Philo<\/strong> : SEVE, Charlotte Granger, Sandrine Coquet<br>\u2728 <strong>Clown &amp; Exploration du Sensible<\/strong> : Greg Escolin, Hugues Fellot, Chantal Poullain<br>\u2728 <strong>Soins \u00e9nerg\u00e9tiques<\/strong> : Josette Lafay, Florence Legouge, Nadine Fructus Fontvieille, Genevi\u00e8ve Sie\u2026<br>\u2728 <strong>Blogs &amp; Inspirations<\/strong> : Cathy Malaussena, Christie Vanbremeersch<\/p>\n\n\n\n<hr class=\"wp-block-separator has-alpha-channel-opacity\"\/>\n\n\n\n<p><\/p>\n\n\n\n<p><\/p>\n\n\n\n<p><a rel=\"noreferrer noopener\" href=\"https:\/\/www.maieusthesie.com\/index.htm\" target=\"_blank\">.<\/a><\/p>\n","protected":false},"excerpt":{"rendered":"<p>\u2728 Un parcours d\u00e9di\u00e9 \u00e0 l\u2019accompagnement et \u00e0 l\u2019\u00e9veil des potentiels Apr\u00e8s plusieurs ann\u00e9es aupr\u00e8s de publics aux Besoins \u00c9ducatifs Particuliers, j\u2019ai cr\u00e9\u00e9 La Bo\u00eete \u00e0 Je pour offrir un espace d\u2019exploration et d\u2019accompagnement, o\u00f9 chacun.e peut r\u00e9v\u00e9ler et d\u00e9ployer ses richesses int\u00e9rieures. \ud83c\udf00 Mon fil conducteur : permettre \u00e0 chacun.e de tracer son propre &hellip; <\/p>\n<p class=\"link-more\"><a href=\"https:\/\/laboiteaje.fr\/index.php\/a-propos-de\/\" class=\"more-link\">Continuer la lecture<span class=\"screen-reader-text\"> de &laquo;&nbsp;\u00c0 propos de&nbsp;&raquo;<\/span><\/a><\/p>\n","protected":false},"author":1,"featured_media":0,"parent":0,"menu_order":0,"comment_status":"closed","ping_status":"closed","template":"","meta":{"footnotes":""},"class_list":["post-8","page","type-page","status-publish","hentry"],"_links":{"self":[{"href":"https:\/\/laboiteaje.fr\/index.php\/wp-json\/wp\/v2\/pages\/8","targetHints":{"allow":["GET"]}}],"collection":[{"href":"https:\/\/laboiteaje.fr\/index.php\/wp-json\/wp\/v2\/pages"}],"about":[{"href":"https:\/\/laboiteaje.fr\/index.php\/wp-json\/wp\/v2\/types\/page"}],"author":[{"embeddable":true,"href":"https:\/\/laboiteaje.fr\/index.php\/wp-json\/wp\/v2\/users\/1"}],"replies":[{"embeddable":true,"href":"https:\/\/laboiteaje.fr\/index.php\/wp-json\/wp\/v2\/comments?post=8"}],"version-history":[{"count":46,"href":"https:\/\/laboiteaje.fr\/index.php\/wp-json\/wp\/v2\/pages\/8\/revisions"}],"predecessor-version":[{"id":1348,"href":"https:\/\/laboiteaje.fr\/index.php\/wp-json\/wp\/v2\/pages\/8\/revisions\/1348"}],"wp:attachment":[{"href":"https:\/\/laboiteaje.fr\/index.php\/wp-json\/wp\/v2\/media?parent=8"}],"curies":[{"name":"wp","href":"https:\/\/api.w.org\/{rel}","templated":true}]}}