{"id":808,"date":"2023-07-04T17:19:52","date_gmt":"2023-07-04T15:19:52","guid":{"rendered":"http:\/\/laboiteaje.fr\/?page_id=808"},"modified":"2023-07-04T17:40:58","modified_gmt":"2023-07-04T15:40:58","slug":"le-developpement-du-cerveau-a-la-lumiere-des-neurosciences","status":"publish","type":"page","link":"https:\/\/laboiteaje.fr\/index.php\/le-developpement-du-cerveau-a-la-lumiere-des-neurosciences\/","title":{"rendered":"LE D\u00c9VELOPPEMENT DU CERVEAU \u00c0 LA LUMI\u00c8RE DES NEUROSCIENCES"},"content":{"rendered":"\n<p><\/p>\n\n\n\n<p><mark style=\"background-color:rgba(0, 0, 0, 0);color:#c5921c\" class=\"has-inline-color\"><strong>LE D\u00c9VELOPPEMENT DU CERVEAU A LA LUMIERE DES NEUROSCIENCES<\/strong><\/mark><\/p>\n\n\n<div class=\"wp-block-image\">\n<figure class=\"alignright size-large is-resized\"><img decoding=\"async\" src=\"http:\/\/laboiteaje.fr\/wp-content\/uploads\/2021\/01\/cerveau-bebe-emotions_jpg__Image_JPEG__320-\u00d7-254_pixels_.jpg\" alt=\"\" class=\"wp-image-629\" width=\"158\" height=\"124\" srcset=\"https:\/\/laboiteaje.fr\/wp-content\/uploads\/2021\/01\/cerveau-bebe-emotions_jpg__Image_JPEG__320-\u00d7-254_pixels_.jpg 630w, https:\/\/laboiteaje.fr\/wp-content\/uploads\/2021\/01\/cerveau-bebe-emotions_jpg__Image_JPEG__320-\u00d7-254_pixels_-300x236.jpg 300w\" sizes=\"(max-width: 158px) 100vw, 158px\" \/><\/figure><\/div>\n\n\n<p>C&rsquo;est une formation de 2 jours qui se d\u00e9roule sur le format \u00a0\u00bb journ\u00e9e p\u00e9dagogique\u00a0\u00bb.<\/p>\n\n\n\n<p>Tout au long de cette formation \u00e0 destination des professionnel.l.e.s de la petite enfance, les participant.e.s se forment, r\u00e9fl\u00e9chissent, coop\u00e8rent tout en se ressour\u00e7ant.<\/p>\n\n\n\n<p>Le tarif est communiqu\u00e9 sur devis personnalis\u00e9.<\/p>\n\n\n\n<p>Cette&nbsp;formation ne&nbsp;n\u00e9cessite&nbsp;pas de&nbsp;pr\u00e9requis.<\/p>\n","protected":false},"excerpt":{"rendered":"<p>LE D\u00c9VELOPPEMENT DU CERVEAU A LA LUMIERE DES NEUROSCIENCES C&rsquo;est une formation de 2 jours qui se d\u00e9roule sur le format \u00a0\u00bb journ\u00e9e p\u00e9dagogique\u00a0\u00bb. Tout au long de cette formation \u00e0 destination des professionnel.l.e.s de la petite enfance, les participant.e.s se forment, r\u00e9fl\u00e9chissent, coop\u00e8rent tout en se ressour\u00e7ant. Le tarif est communiqu\u00e9 sur devis personnalis\u00e9. &hellip; <\/p>\n<p class=\"link-more\"><a href=\"https:\/\/laboiteaje.fr\/index.php\/le-developpement-du-cerveau-a-la-lumiere-des-neurosciences\/\" class=\"more-link\">Continuer la lecture<span class=\"screen-reader-text\"> de &laquo;&nbsp;LE D\u00c9VELOPPEMENT DU CERVEAU \u00c0 LA LUMI\u00c8RE DES NEUROSCIENCES&nbsp;&raquo;<\/span><\/a><\/p>\n","protected":false},"author":1,"featured_media":0,"parent":0,"menu_order":0,"comment_status":"closed","ping_status":"closed","template":"","meta":{"footnotes":""},"class_list":["post-808","page","type-page","status-publish","hentry"],"_links":{"self":[{"href":"https:\/\/laboiteaje.fr\/index.php\/wp-json\/wp\/v2\/pages\/808","targetHints":{"allow":["GET"]}}],"collection":[{"href":"https:\/\/laboiteaje.fr\/index.php\/wp-json\/wp\/v2\/pages"}],"about":[{"href":"https:\/\/laboiteaje.fr\/index.php\/wp-json\/wp\/v2\/types\/page"}],"author":[{"embeddable":true,"href":"https:\/\/laboiteaje.fr\/index.php\/wp-json\/wp\/v2\/users\/1"}],"replies":[{"embeddable":true,"href":"https:\/\/laboiteaje.fr\/index.php\/wp-json\/wp\/v2\/comments?post=808"}],"version-history":[{"count":2,"href":"https:\/\/laboiteaje.fr\/index.php\/wp-json\/wp\/v2\/pages\/808\/revisions"}],"predecessor-version":[{"id":822,"href":"https:\/\/laboiteaje.fr\/index.php\/wp-json\/wp\/v2\/pages\/808\/revisions\/822"}],"wp:attachment":[{"href":"https:\/\/laboiteaje.fr\/index.php\/wp-json\/wp\/v2\/media?parent=808"}],"curies":[{"name":"wp","href":"https:\/\/api.w.org\/{rel}","templated":true}]}}