{"id":817,"date":"2023-07-04T17:33:52","date_gmt":"2023-07-04T15:33:52","guid":{"rendered":"http:\/\/laboiteaje.fr\/?page_id=817"},"modified":"2023-07-04T17:38:09","modified_gmt":"2023-07-04T15:38:09","slug":"sensibilisation-a-la-communication-bienveillante","status":"publish","type":"page","link":"https:\/\/laboiteaje.fr\/index.php\/sensibilisation-a-la-communication-bienveillante\/","title":{"rendered":"Sensibilisation \u00e0 la Communication Bienveillante"},"content":{"rendered":"\n<p id=\"block-d345d39a-091c-49e5-8998-55a4307c2524\"><strong><mark style=\"background-color:rgba(0, 0, 0, 0);color:#c5921c\" class=\"has-inline-color\">SENSIBILISATION \u00c0 LA COMMUNICATION BIENVEILLANTE<\/mark><mark style=\"background-color:rgba(0, 0, 0, 0);color:#c5921c\" class=\"has-inline-color\"><\/mark><\/strong><\/p>\n\n\n\n<p id=\"block-23918600-903b-49d6-a04e-aa8a8a190ba2\"><\/p>\n\n\n\n<div class=\"wp-block-media-text alignwide has-media-on-the-right is-stacked-on-mobile\"><div class=\"wp-block-media-text__content\">\n<p id=\"block-23918600-903b-49d6-a04e-aa8a8a190ba2\">C\u2019est un atelier modulable qui se d\u00e9roule sur le format \u00ab\u00a0parcours p\u00e9dagogique\u00a0\u00bb.<br>Tout au long de cette animation, les participant.e.s sont invit\u00e9.e.s par le biais d&rsquo;outils concrets \u00e0 travailler les trois grands types d\u2019habilet\u00e9s relatives \u00e0 la comp\u00e9tence \u00e9motionnelle (expression des \u00e9motions &#8211; compr\u00e9hension des \u00e9motions &#8211; r\u00e9gulation des \u00e9motions)<\/p>\n\n\n\n<p id=\"block-4d2c51f9-86b8-488f-adf5-20e1ce9ae11b\">Le tarif est communiqu\u00e9 sur devis personnalis\u00e9.<\/p>\n\n\n\n<p id=\"block-20cd6771-5395-44ad-9f6b-980ec27109bf\">Cette&nbsp;formation ne&nbsp;n\u00e9cessite&nbsp;pas de&nbsp;pr\u00e9requis<\/p>\n<\/div><figure class=\"wp-block-media-text__media\"><img fetchpriority=\"high\" decoding=\"async\" width=\"1024\" height=\"684\" src=\"http:\/\/laboiteaje.fr\/wp-content\/uploads\/2023\/07\/Communication-bienveillante-1024x684.png\" alt=\"\" class=\"wp-image-820 size-full\" srcset=\"https:\/\/laboiteaje.fr\/wp-content\/uploads\/2023\/07\/Communication-bienveillante-1024x684.png 1024w, https:\/\/laboiteaje.fr\/wp-content\/uploads\/2023\/07\/Communication-bienveillante-300x200.png 300w, https:\/\/laboiteaje.fr\/wp-content\/uploads\/2023\/07\/Communication-bienveillante-768x513.png 768w, https:\/\/laboiteaje.fr\/wp-content\/uploads\/2023\/07\/Communication-bienveillante.png 1360w\" sizes=\"(max-width: 767px) 89vw, (max-width: 1000px) 54vw, (max-width: 1071px) 543px, 580px\" \/><\/figure><\/div>\n","protected":false},"excerpt":{"rendered":"<p>SENSIBILISATION \u00c0 LA COMMUNICATION BIENVEILLANTE C\u2019est un atelier modulable qui se d\u00e9roule sur le format \u00ab\u00a0parcours p\u00e9dagogique\u00a0\u00bb.Tout au long de cette animation, les participant.e.s sont invit\u00e9.e.s par le biais d&rsquo;outils concrets \u00e0 travailler les trois grands types d\u2019habilet\u00e9s relatives \u00e0 la comp\u00e9tence \u00e9motionnelle (expression des \u00e9motions &#8211; compr\u00e9hension des \u00e9motions &#8211; r\u00e9gulation des \u00e9motions) Le &hellip; <\/p>\n<p class=\"link-more\"><a href=\"https:\/\/laboiteaje.fr\/index.php\/sensibilisation-a-la-communication-bienveillante\/\" class=\"more-link\">Continuer la lecture<span class=\"screen-reader-text\"> de &laquo;&nbsp;Sensibilisation \u00e0 la Communication Bienveillante&nbsp;&raquo;<\/span><\/a><\/p>\n","protected":false},"author":1,"featured_media":0,"parent":0,"menu_order":0,"comment_status":"closed","ping_status":"closed","template":"","meta":{"footnotes":""},"class_list":["post-817","page","type-page","status-publish","hentry"],"_links":{"self":[{"href":"https:\/\/laboiteaje.fr\/index.php\/wp-json\/wp\/v2\/pages\/817","targetHints":{"allow":["GET"]}}],"collection":[{"href":"https:\/\/laboiteaje.fr\/index.php\/wp-json\/wp\/v2\/pages"}],"about":[{"href":"https:\/\/laboiteaje.fr\/index.php\/wp-json\/wp\/v2\/types\/page"}],"author":[{"embeddable":true,"href":"https:\/\/laboiteaje.fr\/index.php\/wp-json\/wp\/v2\/users\/1"}],"replies":[{"embeddable":true,"href":"https:\/\/laboiteaje.fr\/index.php\/wp-json\/wp\/v2\/comments?post=817"}],"version-history":[{"count":2,"href":"https:\/\/laboiteaje.fr\/index.php\/wp-json\/wp\/v2\/pages\/817\/revisions"}],"predecessor-version":[{"id":821,"href":"https:\/\/laboiteaje.fr\/index.php\/wp-json\/wp\/v2\/pages\/817\/revisions\/821"}],"wp:attachment":[{"href":"https:\/\/laboiteaje.fr\/index.php\/wp-json\/wp\/v2\/media?parent=817"}],"curies":[{"name":"wp","href":"https:\/\/api.w.org\/{rel}","templated":true}]}}