{"id":824,"date":"2023-07-04T17:42:55","date_gmt":"2023-07-04T15:42:55","guid":{"rendered":"http:\/\/laboiteaje.fr\/?page_id=824"},"modified":"2026-03-30T11:55:26","modified_gmt":"2026-03-30T09:55:26","slug":"construisons-ensemble","status":"publish","type":"page","link":"https:\/\/laboiteaje.fr\/index.php\/construisons-ensemble\/","title":{"rendered":"CONSTRUISONS ENSEMBLE"},"content":{"rendered":"\n<p><strong><mark style=\"background-color:rgba(0, 0, 0, 0);color:#c5921c\" class=\"has-inline-color\">Autres Formations<\/mark><\/strong><\/p>\n\n\n\n<p>En ce printemps 2026, en fonction de vos besoins, d&rsquo;autres formations peuvent \u00eatre propos\u00e9es autour de la QVT (Qualit\u00e9 de Vie au travail), des troubles Dys (troubles sp\u00e9cifiques des apprentissages), de la communication bienveillante.<\/p>\n","protected":false},"excerpt":{"rendered":"<p>Autres Formations En ce printemps 2026, en fonction de vos besoins, d&rsquo;autres formations peuvent \u00eatre propos\u00e9es autour de la QVT (Qualit\u00e9 de Vie au travail), des troubles Dys (troubles sp\u00e9cifiques des apprentissages), de la communication bienveillante.<\/p>\n","protected":false},"author":1,"featured_media":0,"parent":0,"menu_order":0,"comment_status":"closed","ping_status":"closed","template":"","meta":{"footnotes":""},"class_list":["post-824","page","type-page","status-publish","hentry"],"_links":{"self":[{"href":"https:\/\/laboiteaje.fr\/index.php\/wp-json\/wp\/v2\/pages\/824","targetHints":{"allow":["GET"]}}],"collection":[{"href":"https:\/\/laboiteaje.fr\/index.php\/wp-json\/wp\/v2\/pages"}],"about":[{"href":"https:\/\/laboiteaje.fr\/index.php\/wp-json\/wp\/v2\/types\/page"}],"author":[{"embeddable":true,"href":"https:\/\/laboiteaje.fr\/index.php\/wp-json\/wp\/v2\/users\/1"}],"replies":[{"embeddable":true,"href":"https:\/\/laboiteaje.fr\/index.php\/wp-json\/wp\/v2\/comments?post=824"}],"version-history":[{"count":2,"href":"https:\/\/laboiteaje.fr\/index.php\/wp-json\/wp\/v2\/pages\/824\/revisions"}],"predecessor-version":[{"id":1374,"href":"https:\/\/laboiteaje.fr\/index.php\/wp-json\/wp\/v2\/pages\/824\/revisions\/1374"}],"wp:attachment":[{"href":"https:\/\/laboiteaje.fr\/index.php\/wp-json\/wp\/v2\/media?parent=824"}],"curies":[{"name":"wp","href":"https:\/\/api.w.org\/{rel}","templated":true}]}}