{"id":855,"date":"2023-12-13T19:57:07","date_gmt":"2023-12-13T18:57:07","guid":{"rendered":"http:\/\/laboiteaje.fr\/?page_id=855"},"modified":"2026-03-30T11:56:35","modified_gmt":"2026-03-30T09:56:35","slug":"ecoute-therapeutique-2","status":"publish","type":"page","link":"https:\/\/laboiteaje.fr\/index.php\/ecoute-therapeutique-2\/","title":{"rendered":"Consultations"},"content":{"rendered":"\n<p><\/p>\n\n\n<div class=\"wp-block-image is-style-rounded\">\n<figure class=\"aligncenter size-medium\"><img loading=\"lazy\" decoding=\"async\" width=\"300\" height=\"183\" src=\"http:\/\/laboiteaje.fr\/wp-content\/uploads\/2023\/12\/ecoute-1-300x183.png\" alt=\"\" class=\"wp-image-892\" srcset=\"https:\/\/laboiteaje.fr\/wp-content\/uploads\/2023\/12\/ecoute-1-300x183.png 300w, https:\/\/laboiteaje.fr\/wp-content\/uploads\/2023\/12\/ecoute-1-768x467.png 768w, https:\/\/laboiteaje.fr\/wp-content\/uploads\/2023\/12\/ecoute-1.png 930w\" sizes=\"auto, (max-width: 300px) 100vw, 300px\" \/><\/figure><\/div>\n\n\n<p><strong>Laissez le printemps devenir le temps de votre d\u00e9ploiement<\/strong>.<\/p>\n\n\n\n<p>Bienvenue \u00e0 <strong>La Bo\u00eete \u00e0 Je<\/strong>, un espace o\u00f9 chaque \u00e9motion trouve sa place et chaque questionnement son chemin vers l&rsquo;apaisement.<\/p>\n\n\n\n<p>Entre \u00e9coute th\u00e9rapeutique et expression de soi, je vous propose un accompagnement sur-mesure pour ramener du sens et de la lumi\u00e8re au c\u0153ur de votre quotidien.<\/p>\n\n\n\n<p>\u2728 <strong>\u00c0 chaque besoin sa ressource :<\/strong><\/p>\n\n\n\n<ul class=\"wp-block-list\">\n<li><strong>L&rsquo;\u00c9coute Th\u00e9rapeutique :<\/strong> Pour d\u00e9poser, comprendre et se reconstruire durablement.<\/li>\n\n\n\n<li><strong>La Capsule d&rsquo;Apaisement :<\/strong> Une pause salvatrice pour calmer la temp\u00eate et retrouver son ancrage.<\/li>\n<\/ul>\n\n\n\n<p><em>Parce que votre mieux-\u00eatre est ma seule boussole, je vous oriente en toute confiance si un autre horizon professionnel s&rsquo;av\u00e8re n\u00e9cessaire.<\/em><\/p>\n\n\n\n<p>\ud83c\udf3f <strong>Offrez-vous la clart\u00e9 d&rsquo;un syst\u00e8me apais\u00e9.<\/strong><\/p>\n\n\n\n<hr class=\"wp-block-separator has-alpha-channel-opacity\"\/>\n\n\n\n<p><\/p>\n","protected":false},"excerpt":{"rendered":"<p>Laissez le printemps devenir le temps de votre d\u00e9ploiement. Bienvenue \u00e0 La Bo\u00eete \u00e0 Je, un espace o\u00f9 chaque \u00e9motion trouve sa place et chaque questionnement son chemin vers l&rsquo;apaisement. Entre \u00e9coute th\u00e9rapeutique et expression de soi, je vous propose un accompagnement sur-mesure pour ramener du sens et de la lumi\u00e8re au c\u0153ur de votre &hellip; <\/p>\n<p class=\"link-more\"><a href=\"https:\/\/laboiteaje.fr\/index.php\/ecoute-therapeutique-2\/\" class=\"more-link\">Continuer la lecture<span class=\"screen-reader-text\"> de &laquo;&nbsp;Consultations&nbsp;&raquo;<\/span><\/a><\/p>\n","protected":false},"author":1,"featured_media":0,"parent":0,"menu_order":0,"comment_status":"closed","ping_status":"closed","template":"","meta":{"footnotes":""},"class_list":["post-855","page","type-page","status-publish","hentry"],"_links":{"self":[{"href":"https:\/\/laboiteaje.fr\/index.php\/wp-json\/wp\/v2\/pages\/855","targetHints":{"allow":["GET"]}}],"collection":[{"href":"https:\/\/laboiteaje.fr\/index.php\/wp-json\/wp\/v2\/pages"}],"about":[{"href":"https:\/\/laboiteaje.fr\/index.php\/wp-json\/wp\/v2\/types\/page"}],"author":[{"embeddable":true,"href":"https:\/\/laboiteaje.fr\/index.php\/wp-json\/wp\/v2\/users\/1"}],"replies":[{"embeddable":true,"href":"https:\/\/laboiteaje.fr\/index.php\/wp-json\/wp\/v2\/comments?post=855"}],"version-history":[{"count":14,"href":"https:\/\/laboiteaje.fr\/index.php\/wp-json\/wp\/v2\/pages\/855\/revisions"}],"predecessor-version":[{"id":1375,"href":"https:\/\/laboiteaje.fr\/index.php\/wp-json\/wp\/v2\/pages\/855\/revisions\/1375"}],"wp:attachment":[{"href":"https:\/\/laboiteaje.fr\/index.php\/wp-json\/wp\/v2\/media?parent=855"}],"curies":[{"name":"wp","href":"https:\/\/api.w.org\/{rel}","templated":true}]}}