{"id":9,"date":"2018-01-01T17:03:49","date_gmt":"2018-01-01T16:03:49","guid":{"rendered":"http:\/\/laboiteaje.fr\/?page_id=9"},"modified":"2026-03-30T12:02:00","modified_gmt":"2026-03-30T10:02:00","slug":"contact","status":"publish","type":"page","link":"https:\/\/laboiteaje.fr\/index.php\/contact\/","title":{"rendered":"Contact"},"content":{"rendered":"<p>C&rsquo;est la question que l&rsquo;on me pose r\u00e9guli\u00e8rement et vous trouverez mes coordonn\u00e9es dans la rubrique : <a href=\"https:\/\/laboiteaje.fr\/index.php\/rdv-et-contact\/\" target=\"_blank\" rel=\"noopener\">Contactez-Nous.<\/a><\/p>\n\n\n<figure class=\"wp-block-image size-large is-resized is-style-rounded\"><img fetchpriority=\"high\" decoding=\"async\" width=\"576\" height=\"1024\" src=\"https:\/\/laboiteaje.fr\/wp-content\/uploads\/2026\/03\/Fond-decran-de-Telephone-Minimal-Typographique-Illustre-Floral-Bleu-Blanc-576x1024.jpg\" alt=\"\" class=\"wp-image-1376\" style=\"width:176px;height:auto\" srcset=\"https:\/\/laboiteaje.fr\/wp-content\/uploads\/2026\/03\/Fond-decran-de-Telephone-Minimal-Typographique-Illustre-Floral-Bleu-Blanc-576x1024.jpg 576w, https:\/\/laboiteaje.fr\/wp-content\/uploads\/2026\/03\/Fond-decran-de-Telephone-Minimal-Typographique-Illustre-Floral-Bleu-Blanc-169x300.jpg 169w, https:\/\/laboiteaje.fr\/wp-content\/uploads\/2026\/03\/Fond-decran-de-Telephone-Minimal-Typographique-Illustre-Floral-Bleu-Blanc-768x1365.jpg 768w, https:\/\/laboiteaje.fr\/wp-content\/uploads\/2026\/03\/Fond-decran-de-Telephone-Minimal-Typographique-Illustre-Floral-Bleu-Blanc-864x1536.jpg 864w, https:\/\/laboiteaje.fr\/wp-content\/uploads\/2026\/03\/Fond-decran-de-Telephone-Minimal-Typographique-Illustre-Floral-Bleu-Blanc.jpg 1080w\" sizes=\"(max-width: 576px) 100vw, 576px\" \/><\/figure>\n\n\n\n<p><\/p>\n","protected":false},"excerpt":{"rendered":"<p>C&rsquo;est la question que l&rsquo;on me pose r\u00e9guli\u00e8rement et vous trouverez mes coordonn\u00e9es dans la rubrique : Contactez-Nous.<\/p>\n","protected":false},"author":1,"featured_media":61,"parent":0,"menu_order":0,"comment_status":"closed","ping_status":"closed","template":"","meta":{"footnotes":""},"class_list":["post-9","page","type-page","status-publish","has-post-thumbnail","hentry"],"_links":{"self":[{"href":"https:\/\/laboiteaje.fr\/index.php\/wp-json\/wp\/v2\/pages\/9","targetHints":{"allow":["GET"]}}],"collection":[{"href":"https:\/\/laboiteaje.fr\/index.php\/wp-json\/wp\/v2\/pages"}],"about":[{"href":"https:\/\/laboiteaje.fr\/index.php\/wp-json\/wp\/v2\/types\/page"}],"author":[{"embeddable":true,"href":"https:\/\/laboiteaje.fr\/index.php\/wp-json\/wp\/v2\/users\/1"}],"replies":[{"embeddable":true,"href":"https:\/\/laboiteaje.fr\/index.php\/wp-json\/wp\/v2\/comments?post=9"}],"version-history":[{"count":6,"href":"https:\/\/laboiteaje.fr\/index.php\/wp-json\/wp\/v2\/pages\/9\/revisions"}],"predecessor-version":[{"id":1379,"href":"https:\/\/laboiteaje.fr\/index.php\/wp-json\/wp\/v2\/pages\/9\/revisions\/1379"}],"wp:featuredmedia":[{"embeddable":true,"href":"https:\/\/laboiteaje.fr\/index.php\/wp-json\/wp\/v2\/media\/61"}],"wp:attachment":[{"href":"https:\/\/laboiteaje.fr\/index.php\/wp-json\/wp\/v2\/media?parent=9"}],"curies":[{"name":"wp","href":"https:\/\/api.w.org\/{rel}","templated":true}]}}