{"id":980,"date":"2024-11-11T19:16:00","date_gmt":"2024-11-11T18:16:00","guid":{"rendered":"http:\/\/laboiteaje.fr\/?page_id=980"},"modified":"2024-11-12T17:04:48","modified_gmt":"2024-11-12T16:04:48","slug":"pour-qui-pour-quoi","status":"publish","type":"page","link":"https:\/\/laboiteaje.fr\/index.php\/pour-qui-pour-quoi\/","title":{"rendered":"Pour qui, Pour quoi"},"content":{"rendered":"\n<p><strong>Pour qui ?<\/strong><\/p>\n\n\n\n<p>Mon accompagnement s\u2019adresse \u00e0 celles et ceux qui ressentent l\u2019appel d\u2019un parcours professionnel plus align\u00e9 avec leurs valeurs profondes. Si vous aspirez \u00e0 contribuer \u00e0 partir de vos propres \u00e9lans et de vos valeurs, et que vous souhaitez embrasser toutes les dimensions de votre \u00eatre \u2013 mental, c\u0153ur, corps, et esprit \u2013 alors ce bilan de potentiels est con\u00e7u pour vous.<\/p>\n\n\n\n<p>De plus, mon expertise me permet d\u2019accompagner sp\u00e9cifiquement les personnes ayant travers\u00e9 des \u00e9pisodes de burn-out ou vivant avec des troubles neurod\u00e9veloppementaux. Gr\u00e2ce \u00e0 des formations d\u00e9di\u00e9es et une exp\u00e9rience significative dans ces domaines, j\u2019adapte chaque accompagnement aux d\u00e9fis et aux forces de chacun.e, pour favoriser un retour en confiance et en \u00e9lan.<\/p>\n\n\n\n<p>Le bilan est ouvert \u00e0 toutes et tous, que vous soyez :<\/p>\n\n\n\n<ul class=\"wp-block-list\">\n<li>Salari\u00e9\u00b7e du secteur priv\u00e9 (en CDD ou CDI), salari\u00e9\u00b7e du secteur public, en recherche d\u2019emploi, ou en p\u00e9riode de transition (c\u00e9sure, disponibilit\u00e9).<\/li>\n\n\n\n<li>En qu\u00eate de clart\u00e9 sur votre parcours professionnel, pour mieux confirmer ou rediriger vos choix actuels.<\/li>\n\n\n\n<li>Engag\u00e9\u00b7e dans un m\u00e9tier qui vous convient, mais sans que vous y trouviez un \u00e9panouissement complet, et souhaitant peut-\u00eatre explorer de nouvelles perspectives ou enrichir vos activit\u00e9s.<\/li>\n<\/ul>\n\n\n\n<p><strong>Pour quoi ?<\/strong><\/p>\n\n\n\n<p>Ce bilan vous offre un espace pour explorer d\u2019o\u00f9 vous venez et d\u00e9terminer plus clairement la direction qui vous appelle. Il s\u2019agit d\u2019identifier ce qui vous anime profond\u00e9ment, pour b\u00e2tir un avenir en coh\u00e9rence avec votre motivation et vos aspirations essentielles, bien au-del\u00e0 des descriptions de postes classiques.<\/p>\n\n\n\n<p>Les objectifs de ce bilan incluent :<\/p>\n\n\n\n<ul class=\"wp-block-list\">\n<li>Explorer et envisager une nouvelle voie professionnelle, ou encore confirmer un projet existant et passer \u00e0 l\u2019action avec une strat\u00e9gie claire et r\u00e9alisable.<\/li>\n\n\n\n<li>Repenser votre posture professionnelle : peut-\u00eatre en passant d\u2019un statut de salari\u00e9\u00b7e \u00e0 celui d\u2019entrepreneur\u00b7e, ou en recherchant un environnement de travail plus respectueux et bienveillant.<\/li>\n\n\n\n<li>Identifier des formations, des parcours de VAE (validation des acquis de l\u2019exp\u00e9rience) ou, pourquoi pas, m\u00fbrir un projet de cr\u00e9ation d\u2019entreprise.<\/li>\n<\/ul>\n\n\n\n<p><strong>Sans pr\u00e9requis particulier<\/strong>, ce bilan de potentiels vous accompagne pour faire \u00e9merger une activit\u00e9 professionnelle en harmonie avec qui vous \u00eates, avec la possibilit\u00e9 de vous d\u00e9ployer dans un cadre align\u00e9 avec vos valeurs et vos besoins profonds.<\/p>\n\n\n\n<p><\/p>\n\n\n\n<figure class=\"wp-block-image size-large is-resized\"><img loading=\"lazy\" decoding=\"async\" width=\"1024\" height=\"726\" src=\"http:\/\/laboiteaje.fr\/wp-content\/uploads\/2021\/01\/2022-Parcours-2-edited-1024x726.jpg\" alt=\"\" class=\"wp-image-604\" srcset=\"https:\/\/laboiteaje.fr\/wp-content\/uploads\/2021\/01\/2022-Parcours-2-edited-1024x726.jpg 1024w, https:\/\/laboiteaje.fr\/wp-content\/uploads\/2021\/01\/2022-Parcours-2-edited-300x213.jpg 300w, https:\/\/laboiteaje.fr\/wp-content\/uploads\/2021\/01\/2022-Parcours-2-edited-768x545.jpg 768w, https:\/\/laboiteaje.fr\/wp-content\/uploads\/2021\/01\/2022-Parcours-2-edited.jpg 1165w\" sizes=\"auto, (max-width: 767px) 89vw, (max-width: 1000px) 54vw, (max-width: 1071px) 543px, 580px\" \/><\/figure>\n","protected":false},"excerpt":{"rendered":"<p>Pour qui ? Mon accompagnement s\u2019adresse \u00e0 celles et ceux qui ressentent l\u2019appel d\u2019un parcours professionnel plus align\u00e9 avec leurs valeurs profondes. Si vous aspirez \u00e0 contribuer \u00e0 partir de vos propres \u00e9lans et de vos valeurs, et que vous souhaitez embrasser toutes les dimensions de votre \u00eatre \u2013 mental, c\u0153ur, corps, et esprit \u2013 &hellip; <\/p>\n<p class=\"link-more\"><a href=\"https:\/\/laboiteaje.fr\/index.php\/pour-qui-pour-quoi\/\" class=\"more-link\">Continuer la lecture<span class=\"screen-reader-text\"> de &laquo;&nbsp;Pour qui, Pour quoi&nbsp;&raquo;<\/span><\/a><\/p>\n","protected":false},"author":1,"featured_media":0,"parent":0,"menu_order":0,"comment_status":"closed","ping_status":"closed","template":"","meta":{"footnotes":""},"class_list":["post-980","page","type-page","status-publish","hentry"],"_links":{"self":[{"href":"https:\/\/laboiteaje.fr\/index.php\/wp-json\/wp\/v2\/pages\/980","targetHints":{"allow":["GET"]}}],"collection":[{"href":"https:\/\/laboiteaje.fr\/index.php\/wp-json\/wp\/v2\/pages"}],"about":[{"href":"https:\/\/laboiteaje.fr\/index.php\/wp-json\/wp\/v2\/types\/page"}],"author":[{"embeddable":true,"href":"https:\/\/laboiteaje.fr\/index.php\/wp-json\/wp\/v2\/users\/1"}],"replies":[{"embeddable":true,"href":"https:\/\/laboiteaje.fr\/index.php\/wp-json\/wp\/v2\/comments?post=980"}],"version-history":[{"count":3,"href":"https:\/\/laboiteaje.fr\/index.php\/wp-json\/wp\/v2\/pages\/980\/revisions"}],"predecessor-version":[{"id":1019,"href":"https:\/\/laboiteaje.fr\/index.php\/wp-json\/wp\/v2\/pages\/980\/revisions\/1019"}],"wp:attachment":[{"href":"https:\/\/laboiteaje.fr\/index.php\/wp-json\/wp\/v2\/media?parent=980"}],"curies":[{"name":"wp","href":"https:\/\/api.w.org\/{rel}","templated":true}]}}