{"id":984,"date":"2024-11-11T19:17:44","date_gmt":"2024-11-11T18:17:44","guid":{"rendered":"http:\/\/laboiteaje.fr\/?page_id=984"},"modified":"2024-12-05T01:30:05","modified_gmt":"2024-12-05T00:30:05","slug":"valeurs-et-engagements","status":"publish","type":"page","link":"https:\/\/laboiteaje.fr\/index.php\/valeurs-et-engagements\/","title":{"rendered":"Valeurs et Engagements"},"content":{"rendered":"\n<h4 class=\"wp-block-heading\">Une \u00c9coute Authentique et Bienveillante<\/h4>\n\n\n\n<p>La Bo\u00eete \u00e0 Je place l\u2019\u00e9coute au c\u0153ur de chaque accompagnement. Nous croyons en la puissance de l\u2019\u00e9coute bienveillante et en la valeur d\u2019un \u00e9change sinc\u00e8re, permettant \u00e0 chacun.e d\u2019explorer ses besoins, ses d\u00e9sirs et ses aspirations en toute confiance.<\/p>\n\n\n\n<h4 class=\"wp-block-heading\">Un Respect Absolu de la Personne<\/h4>\n\n\n\n<p>Nous nous engageons \u00e0 respecter l\u2019int\u00e9grit\u00e9 de chaque personne, sans jugement ni pr\u00e9jug\u00e9s, et \u00e0 accompagner chacun.e dans le respect de son rythme et de son parcours unique. Nos m\u00e9thodes, qu\u2019il s\u2019agisse de bilans de comp\u00e9tences, d\u2019ateliers ou de s\u00e9ances d\u2019\u00e9coute, sont pens\u00e9es pour favoriser la bienveillance et l\u2019ouverture dans un environnement s\u00e9curis\u00e9.<\/p>\n\n\n\n<h4 class=\"wp-block-heading\">La Confidentialit\u00e9 Comme Fondement<\/h4>\n\n\n\n<p>Le respect de la confidentialit\u00e9 est une valeur fondamentale de La Bo\u00eete \u00e0 Je. Nous garantissons que toutes les informations \u00e9chang\u00e9es restent strictement priv\u00e9es et ne sont jamais partag\u00e9es sans le consentement explicite de la personne accompagn\u00e9e. La confidentialit\u00e9 est assur\u00e9e pour cr\u00e9er un espace de confiance o\u00f9 chacun.e se sent libre de s\u2019exprimer pleinement.<\/p>\n\n\n\n<h4 class=\"wp-block-heading\">Une Approche Personnalis\u00e9e et Adapt\u00e9e<\/h4>\n\n\n\n<p>Chaque parcours est unique, et nous concevons des accompagnements qui s\u2019adaptent aux besoins sp\u00e9cifiques de chaque b\u00e9n\u00e9ficiaire. Notre approche est sur mesure, permettant \u00e0 chaque personne d\u2019avancer \u00e0 son rythme, en fonction de ses objectifs personnels et professionnels, que ce soit en bilan de comp\u00e9tences, en \u00e9coute th\u00e9rapeutique ou dans un atelier de d\u00e9veloppement.<\/p>\n\n\n\n<h4 class=\"wp-block-heading\">Un Engagement envers la Qualit\u00e9 et le Professionnalisme<\/h4>\n\n\n\n<p>Nous investissons dans une formation continue, dans des outils p\u00e9dagogiques modernes, et nous appliquons des pratiques reconnues et rigoureuses. Notre objectif est de garantir un accompagnement de qualit\u00e9, fond\u00e9 sur des m\u00e9thodes fiables et respectueuses des normes en vigueur.<\/p>\n\n\n\n<h4 class=\"wp-block-heading\">Une Volont\u00e9 de Contribuer \u00e0 une Soci\u00e9t\u00e9 Inclusive<\/h4>\n\n\n\n<p>Nous croyons en une soci\u00e9t\u00e9 o\u00f9 chacun.e a sa place et m\u00e9rite un accompagnement qui l\u2019aide \u00e0 se r\u00e9v\u00e9ler et \u00e0 \u00e9voluer. En offrant des prestations ponctuelles pro bono pour les personnes en situation de pr\u00e9carit\u00e9, La Bo\u00eete \u00e0 Je s\u2019engage \u00e0 r\u00e9duire les barri\u00e8res d\u2019acc\u00e8s \u00e0 l\u2019accompagnement personnel et professionnel.<\/p>\n\n\n\n<h4 class=\"wp-block-heading\">Une \u00c9valuation Continue pour s\u2019am\u00e9liorer<\/h4>\n\n\n\n<p>La Bo\u00eete \u00e0 Je accorde une grande importance aux retours d\u2019exp\u00e9rience de ses b\u00e9n\u00e9ficiaires. En nous basant sur vos retours et sur des \u00e9valuations de satisfaction, nous nous engageons \u00e0 faire \u00e9voluer nos pratiques pour r\u00e9pondre toujours mieux aux besoins de chacun.e.<\/p>\n\n\n\n<p><\/p>\n\n\n\n<p><strong>Pour en savoir plus sur le cadre l\u00e9gal :<\/strong><\/p>\n\n\n\n<ul class=\"wp-block-list\">\n<li><a href=\"http:\/\/laboiteaje.fr\/wp-content\/uploads\/2024\/12\/Indicateur-9-Engagements-deontologiques-.docx.pdf\" data-type=\"link\" data-id=\"http:\/\/laboiteaje.fr\/wp-content\/uploads\/2024\/12\/Indicateur-9-Engagements-deontologiques-.docx.pdf\" target=\"_blank\" rel=\"noreferrer noopener\">Charte de d\u00e9ontologie<\/a><\/li>\n\n\n\n<li><a href=\"http:\/\/laboiteaje.fr\/wp-content\/uploads\/2024\/11\/Cadre-legislatif-et-reglementaire-Bilan-de-Competences-La-Boite-a-Je.pdf\" data-type=\"link\" data-id=\"http:\/\/laboiteaje.fr\/wp-content\/uploads\/2024\/11\/Cadre-legislatif-et-reglementaire-Bilan-de-Competences-La-Boite-a-Je.pdf\" target=\"_blank\" rel=\"noreferrer noopener\">Cadre r\u00e9glementaire<\/a><\/li>\n<\/ul>\n","protected":false},"excerpt":{"rendered":"<p>Une \u00c9coute Authentique et Bienveillante La Bo\u00eete \u00e0 Je place l\u2019\u00e9coute au c\u0153ur de chaque accompagnement. Nous croyons en la puissance de l\u2019\u00e9coute bienveillante et en la valeur d\u2019un \u00e9change sinc\u00e8re, permettant \u00e0 chacun.e d\u2019explorer ses besoins, ses d\u00e9sirs et ses aspirations en toute confiance. Un Respect Absolu de la Personne Nous nous engageons \u00e0 &hellip; <\/p>\n<p class=\"link-more\"><a href=\"https:\/\/laboiteaje.fr\/index.php\/valeurs-et-engagements\/\" class=\"more-link\">Continuer la lecture<span class=\"screen-reader-text\"> de &laquo;&nbsp;Valeurs et Engagements&nbsp;&raquo;<\/span><\/a><\/p>\n","protected":false},"author":1,"featured_media":0,"parent":0,"menu_order":0,"comment_status":"closed","ping_status":"closed","template":"","meta":{"footnotes":""},"class_list":["post-984","page","type-page","status-publish","hentry"],"_links":{"self":[{"href":"https:\/\/laboiteaje.fr\/index.php\/wp-json\/wp\/v2\/pages\/984","targetHints":{"allow":["GET"]}}],"collection":[{"href":"https:\/\/laboiteaje.fr\/index.php\/wp-json\/wp\/v2\/pages"}],"about":[{"href":"https:\/\/laboiteaje.fr\/index.php\/wp-json\/wp\/v2\/types\/page"}],"author":[{"embeddable":true,"href":"https:\/\/laboiteaje.fr\/index.php\/wp-json\/wp\/v2\/users\/1"}],"replies":[{"embeddable":true,"href":"https:\/\/laboiteaje.fr\/index.php\/wp-json\/wp\/v2\/comments?post=984"}],"version-history":[{"count":4,"href":"https:\/\/laboiteaje.fr\/index.php\/wp-json\/wp\/v2\/pages\/984\/revisions"}],"predecessor-version":[{"id":1119,"href":"https:\/\/laboiteaje.fr\/index.php\/wp-json\/wp\/v2\/pages\/984\/revisions\/1119"}],"wp:attachment":[{"href":"https:\/\/laboiteaje.fr\/index.php\/wp-json\/wp\/v2\/media?parent=984"}],"curies":[{"name":"wp","href":"https:\/\/api.w.org\/{rel}","templated":true}]}}