{"id":992,"date":"2024-11-11T19:25:43","date_gmt":"2024-11-11T18:25:43","guid":{"rendered":"http:\/\/laboiteaje.fr\/?page_id=992"},"modified":"2026-03-13T12:17:20","modified_gmt":"2026-03-13T11:17:20","slug":"soutiens-et-financements","status":"publish","type":"page","link":"https:\/\/laboiteaje.fr\/index.php\/soutiens-et-financements\/","title":{"rendered":"Soutiens et Financements"},"content":{"rendered":"\n<p>Que vous soyez <strong>salari\u00e9, travailleur ind\u00e9pendant ou demandeur d\u2019emploi<\/strong>, plusieurs solutions de financement peuvent vous accompagner dans votre d\u00e9marche de bilan de comp\u00e9tences.<\/p>\n\n\n\n<p>Voici un aper\u00e7u des possibilit\u00e9s en fonction de votre statut : <a href=\"http:\/\/laboiteaje.fr\/wp-content\/uploads\/2026\/03\/Dispositifs-de-Financement-pour-un-Bilan-de-Competences-en-2025.docx.pdf\" data-type=\"link\" data-id=\"http:\/\/laboiteaje.fr\/wp-content\/uploads\/2026\/03\/Dispositifs-de-Financement-pour-un-Bilan-de-Competences-en-2025.docx.pdf\">pour en savoir plus cliquez ici<\/a>.<\/p>\n\n\n\n<p>\u00c0 propos de l&rsquo;\u00e9gibilit\u00e9 des bilans de comp\u00e9tences propos\u00e9e par la Bo\u00eete \u00e0 Je  :<\/p>\n\n\n\n<p><strong>\ud83d\ude80<\/strong> <strong>Booster<\/strong> <a href=\"https:\/\/www.moncompteformation.gouv.fr\/espace-prive\/html\/#\/formation\/recherche\/83304200500011_BOOST\/83304200500011_BOOST?contexteFormation=ACTIVITE_PROFESSIONNELLE\" data-type=\"link\" data-id=\"https:\/\/www.moncompteformation.gouv.fr\/espace-prive\/html\/#\/formation\/recherche\/83304200500011_BOOST\/83304200500011_BOOST?contexteFormation=ACTIVITE_PROFESSIONNELLE\">&#8211; Cliquez ici<\/a><br>\ud83d\udd0e <strong>Discernement<\/strong> &#8211; <a href=\"https:\/\/www.moncompteformation.gouv.fr\/espace-prive\/html\/#\/formation\/recherche\/83304200500011_DISCER\/83304200500011_DISCE?contexteFormation=ACTIVITE_PROFESSIONNELLE\" data-type=\"link\" data-id=\"https:\/\/www.moncompteformation.gouv.fr\/espace-prive\/html\/#\/formation\/recherche\/83304200500011_DISCER\/83304200500011_DISCE?contexteFormation=ACTIVITE_PROFESSIONNELLE\">Cliquez ici<\/a><br>\ud83c\udf0d <strong>Panorama<\/strong> <a href=\"https:\/\/www.moncompteformation.gouv.fr\/espace-prive\/html\/#\/formation\/recherche\/83304200500011_PANO\/83304200500011_PANO?contexteFormation=ACTIVITE_PROFESSIONNELLE\" data-type=\"link\" data-id=\"https:\/\/www.moncompteformation.gouv.fr\/espace-prive\/html\/#\/formation\/recherche\/83304200500011_PANO\/83304200500011_PANO?contexteFormation=ACTIVITE_PROFESSIONNELLE\">&#8211; Cliquez ici<\/a><\/p>\n","protected":false},"excerpt":{"rendered":"<p>Que vous soyez salari\u00e9, travailleur ind\u00e9pendant ou demandeur d\u2019emploi, plusieurs solutions de financement peuvent vous accompagner dans votre d\u00e9marche de bilan de comp\u00e9tences. Voici un aper\u00e7u des possibilit\u00e9s en fonction de votre statut : pour en savoir plus cliquez ici. \u00c0 propos de l&rsquo;\u00e9gibilit\u00e9 des bilans de comp\u00e9tences propos\u00e9e par la Bo\u00eete \u00e0 Je : &hellip; <\/p>\n<p class=\"link-more\"><a href=\"https:\/\/laboiteaje.fr\/index.php\/soutiens-et-financements\/\" class=\"more-link\">Continuer la lecture<span class=\"screen-reader-text\"> de &laquo;&nbsp;Soutiens et Financements&nbsp;&raquo;<\/span><\/a><\/p>\n","protected":false},"author":1,"featured_media":0,"parent":0,"menu_order":0,"comment_status":"closed","ping_status":"closed","template":"","meta":{"footnotes":""},"class_list":["post-992","page","type-page","status-publish","hentry"],"_links":{"self":[{"href":"https:\/\/laboiteaje.fr\/index.php\/wp-json\/wp\/v2\/pages\/992","targetHints":{"allow":["GET"]}}],"collection":[{"href":"https:\/\/laboiteaje.fr\/index.php\/wp-json\/wp\/v2\/pages"}],"about":[{"href":"https:\/\/laboiteaje.fr\/index.php\/wp-json\/wp\/v2\/types\/page"}],"author":[{"embeddable":true,"href":"https:\/\/laboiteaje.fr\/index.php\/wp-json\/wp\/v2\/users\/1"}],"replies":[{"embeddable":true,"href":"https:\/\/laboiteaje.fr\/index.php\/wp-json\/wp\/v2\/comments?post=992"}],"version-history":[{"count":4,"href":"https:\/\/laboiteaje.fr\/index.php\/wp-json\/wp\/v2\/pages\/992\/revisions"}],"predecessor-version":[{"id":1337,"href":"https:\/\/laboiteaje.fr\/index.php\/wp-json\/wp\/v2\/pages\/992\/revisions\/1337"}],"wp:attachment":[{"href":"https:\/\/laboiteaje.fr\/index.php\/wp-json\/wp\/v2\/media?parent=992"}],"curies":[{"name":"wp","href":"https:\/\/api.w.org\/{rel}","templated":true}]}}