{"id":994,"date":"2024-11-11T19:26:50","date_gmt":"2024-11-11T18:26:50","guid":{"rendered":"http:\/\/laboiteaje.fr\/?page_id=994"},"modified":"2026-03-13T12:02:22","modified_gmt":"2026-03-13T11:02:22","slug":"tarifs-et-devis-personnalise","status":"publish","type":"page","link":"https:\/\/laboiteaje.fr\/index.php\/tarifs-et-devis-personnalise\/","title":{"rendered":"\ud83d\udcb0Tarifs et devis personnalis\u00e9"},"content":{"rendered":"\n<p>Nos bilans de comp\u00e9tences sont con\u00e7us pour vous offrir un accompagnement <strong>personnalis\u00e9 et structur\u00e9<\/strong>, adapt\u00e9 \u00e0 votre projet d&rsquo;\u00e9volution professionnelle.<\/p>\n\n\n\n<p>\ud83d\udccc <strong>Nos tarifs (TVA non applicable, article 293 B du CGI) :<\/strong><\/p>\n\n\n\n<ul class=\"wp-block-list\">\n<li><strong>\ud83c\udf0d Format Long &#8211; Panorama <\/strong>(20h en face-\u00e0-face + 4h de travail guid\u00e9<strong>) \u2192<\/strong> <strong>1725 \u20ac<\/strong><\/li>\n\n\n\n<li><strong>\ud83c\udfaf Format Moyen &#8211; Discernement <\/strong>(12h en face-\u00e0-face + 3h de travail guid\u00e9)<strong> \u2192<\/strong> <strong>1325 \u20ac<\/strong><\/li>\n\n\n\n<li><strong>\ud83d\ude80 Format Court &#8211; Booster <\/strong>(8h en face-\u00e0-face + 1h de travail guid\u00e9)<strong> \u2192<\/strong> <strong>725 \u20ac<\/strong><\/li>\n<\/ul>\n\n\n\n<p>\ud83d\udc49 Chaque bilan inclut <strong>un suivi sur-mesure<\/strong>, des outils d\u2019analyse reconnus (Potentialis\u00ae, RIASEC\u00ae, Arbre de Vie\u00ae\u2026) et une approche bienveillante, adapt\u00e9e \u00e0 vos besoins.<\/p>\n\n\n\n<hr class=\"wp-block-separator has-alpha-channel-opacity\"\/>\n\n\n\n<h3 class=\"wp-block-heading\"><strong>\ud83d\udccc Accompagnement Personnalis\u00e9 &amp; Financement<\/strong><\/h3>\n\n\n\n<p><strong>Vous souhaitez financer votre bilan ?<\/strong><br>\ud83d\udca1 La Bo\u00eete \u00e0 Je vous accompagne dans l\u2019identification des solutions de financement <strong>(CPF, OPCO, financement personnel, employeur, etc.)<\/strong>.<\/p>\n\n\n\n<p>\ud83d\udce9 <strong><a href=\"http:\/\/laboiteaje.fr\/index.php\/rdv-et-contact\/\" target=\"_blank\" rel=\"noreferrer noopener\">Contactez-nous<\/a><\/strong> pour toute question ou pour obtenir un <strong>devis d\u00e9taill\u00e9<\/strong>.<\/p>\n\n\n\n<hr class=\"wp-block-separator has-alpha-channel-opacity\"\/>\n\n\n\n<h3 class=\"wp-block-heading\"><strong>\ud83d\udce9 Contact &amp; Inscriptions<\/strong><\/h3>\n\n\n\n<p>\ud83d\udcc5 <strong>D\u00e9lais d\u2019acc\u00e8s<\/strong> : 2 \u00e0 4 semaines selon disponibilit\u00e9s<br>\ud83c\udfaf <strong>Modalit\u00e9s<\/strong> : En pr\u00e9sentiel ou \u00e0 distance<br>\ud83d\udcbb <strong>Infos &amp; RDV<\/strong> : <a href=\"http:\/\/laboiteaje.fr\/index.php\/rdv-et-contact\/\">www.laboiteaje.fr<\/a><\/p>\n","protected":false},"excerpt":{"rendered":"<p>Nos bilans de comp\u00e9tences sont con\u00e7us pour vous offrir un accompagnement personnalis\u00e9 et structur\u00e9, adapt\u00e9 \u00e0 votre projet d&rsquo;\u00e9volution professionnelle. \ud83d\udccc Nos tarifs (TVA non applicable, article 293 B du CGI) : \ud83d\udc49 Chaque bilan inclut un suivi sur-mesure, des outils d\u2019analyse reconnus (Potentialis\u00ae, RIASEC\u00ae, Arbre de Vie\u00ae\u2026) et une approche bienveillante, adapt\u00e9e \u00e0 vos &hellip; <\/p>\n<p class=\"link-more\"><a href=\"https:\/\/laboiteaje.fr\/index.php\/tarifs-et-devis-personnalise\/\" class=\"more-link\">Continuer la lecture<span class=\"screen-reader-text\"> de &laquo;&nbsp;\ud83d\udcb0Tarifs et devis personnalis\u00e9&nbsp;&raquo;<\/span><\/a><\/p>\n","protected":false},"author":1,"featured_media":0,"parent":0,"menu_order":0,"comment_status":"closed","ping_status":"closed","template":"","meta":{"footnotes":""},"class_list":["post-994","page","type-page","status-publish","hentry"],"_links":{"self":[{"href":"https:\/\/laboiteaje.fr\/index.php\/wp-json\/wp\/v2\/pages\/994","targetHints":{"allow":["GET"]}}],"collection":[{"href":"https:\/\/laboiteaje.fr\/index.php\/wp-json\/wp\/v2\/pages"}],"about":[{"href":"https:\/\/laboiteaje.fr\/index.php\/wp-json\/wp\/v2\/types\/page"}],"author":[{"embeddable":true,"href":"https:\/\/laboiteaje.fr\/index.php\/wp-json\/wp\/v2\/users\/1"}],"replies":[{"embeddable":true,"href":"https:\/\/laboiteaje.fr\/index.php\/wp-json\/wp\/v2\/comments?post=994"}],"version-history":[{"count":7,"href":"https:\/\/laboiteaje.fr\/index.php\/wp-json\/wp\/v2\/pages\/994\/revisions"}],"predecessor-version":[{"id":1335,"href":"https:\/\/laboiteaje.fr\/index.php\/wp-json\/wp\/v2\/pages\/994\/revisions\/1335"}],"wp:attachment":[{"href":"https:\/\/laboiteaje.fr\/index.php\/wp-json\/wp\/v2\/media?parent=994"}],"curies":[{"name":"wp","href":"https:\/\/api.w.org\/{rel}","templated":true}]}}