{"id":998,"date":"2024-11-11T19:38:25","date_gmt":"2024-11-11T18:38:25","guid":{"rendered":"http:\/\/laboiteaje.fr\/?page_id=998"},"modified":"2024-11-11T19:46:55","modified_gmt":"2024-11-11T18:46:55","slug":"gratitudes","status":"publish","type":"page","link":"https:\/\/laboiteaje.fr\/index.php\/gratitudes\/","title":{"rendered":"Gratitudes"},"content":{"rendered":"\n<p>\ud83c\udf31 <strong>Un Grand Merci pour Votre Soutien \u00e0 La Bo\u00eete \u00e0 Je<\/strong> \ud83c\udf31<\/p>\n\n\n\n<p>\u00c0 toutes les personnes qui, par leur confiance et leur contribution, permettent \u00e0 La Bo\u00eete \u00e0 Je de grandir, je tiens \u00e0 exprimer ma profonde gratitude. Gr\u00e2ce \u00e0 vous, je peux continuer \u00e0 garantir un \u00e9quilibre pr\u00e9cieux : celui entre la p\u00e9rennit\u00e9 de l\u2019activit\u00e9, un investissement constant dans des outils p\u00e9dagogiques de qualit\u00e9, et un engagement sinc\u00e8re envers chaque b\u00e9n\u00e9ficiaire. Votre soutien rend possible cet accompagnement authentique, respectueux des besoins de chacun.e, et ancr\u00e9 dans des valeurs d&rsquo;\u00e9coute et de bienveillance.<\/p>\n\n\n\n<p>Merci de rendre cette aventure humaine aussi vivante et de faire partie de ce chemin avec moi ! \ud83d\ude4f<\/p>\n\n\n\n<figure class=\"wp-block-image size-large is-resized\"><img fetchpriority=\"high\" decoding=\"async\" width=\"1024\" height=\"726\" src=\"http:\/\/laboiteaje.fr\/wp-content\/uploads\/2021\/01\/2022-Parcours-2-edited-1024x726.jpg\" alt=\"\" class=\"wp-image-604\" srcset=\"https:\/\/laboiteaje.fr\/wp-content\/uploads\/2021\/01\/2022-Parcours-2-edited-1024x726.jpg 1024w, https:\/\/laboiteaje.fr\/wp-content\/uploads\/2021\/01\/2022-Parcours-2-edited-300x213.jpg 300w, https:\/\/laboiteaje.fr\/wp-content\/uploads\/2021\/01\/2022-Parcours-2-edited-768x545.jpg 768w, https:\/\/laboiteaje.fr\/wp-content\/uploads\/2021\/01\/2022-Parcours-2-edited.jpg 1165w\" sizes=\"(max-width: 767px) 89vw, (max-width: 1000px) 54vw, (max-width: 1071px) 543px, 580px\" \/><\/figure>\n","protected":false},"excerpt":{"rendered":"<p>\ud83c\udf31 Un Grand Merci pour Votre Soutien \u00e0 La Bo\u00eete \u00e0 Je \ud83c\udf31 \u00c0 toutes les personnes qui, par leur confiance et leur contribution, permettent \u00e0 La Bo\u00eete \u00e0 Je de grandir, je tiens \u00e0 exprimer ma profonde gratitude. Gr\u00e2ce \u00e0 vous, je peux continuer \u00e0 garantir un \u00e9quilibre pr\u00e9cieux : celui entre la p\u00e9rennit\u00e9 &hellip; <\/p>\n<p class=\"link-more\"><a href=\"https:\/\/laboiteaje.fr\/index.php\/gratitudes\/\" class=\"more-link\">Continuer la lecture<span class=\"screen-reader-text\"> de &laquo;&nbsp;Gratitudes&nbsp;&raquo;<\/span><\/a><\/p>\n","protected":false},"author":1,"featured_media":0,"parent":0,"menu_order":0,"comment_status":"closed","ping_status":"closed","template":"","meta":{"footnotes":""},"class_list":["post-998","page","type-page","status-publish","hentry"],"_links":{"self":[{"href":"https:\/\/laboiteaje.fr\/index.php\/wp-json\/wp\/v2\/pages\/998","targetHints":{"allow":["GET"]}}],"collection":[{"href":"https:\/\/laboiteaje.fr\/index.php\/wp-json\/wp\/v2\/pages"}],"about":[{"href":"https:\/\/laboiteaje.fr\/index.php\/wp-json\/wp\/v2\/types\/page"}],"author":[{"embeddable":true,"href":"https:\/\/laboiteaje.fr\/index.php\/wp-json\/wp\/v2\/users\/1"}],"replies":[{"embeddable":true,"href":"https:\/\/laboiteaje.fr\/index.php\/wp-json\/wp\/v2\/comments?post=998"}],"version-history":[{"count":2,"href":"https:\/\/laboiteaje.fr\/index.php\/wp-json\/wp\/v2\/pages\/998\/revisions"}],"predecessor-version":[{"id":1006,"href":"https:\/\/laboiteaje.fr\/index.php\/wp-json\/wp\/v2\/pages\/998\/revisions\/1006"}],"wp:attachment":[{"href":"https:\/\/laboiteaje.fr\/index.php\/wp-json\/wp\/v2\/media?parent=998"}],"curies":[{"name":"wp","href":"https:\/\/api.w.org\/{rel}","templated":true}]}}